{"id":1413,"date":"2020-11-02T18:12:18","date_gmt":"2020-11-02T09:12:18","guid":{"rendered":"https:\/\/tsukiji-cooking.com\/?page_id=1413"},"modified":"2020-11-02T18:14:30","modified_gmt":"2020-11-02T09:14:30","slug":"vip-executive-cooking","status":"publish","type":"page","link":"https:\/\/tsukiji-cooking.com\/fr\/vip-executive-cooking\/","title":{"rendered":"Les cadres et personnalit\u00e9s \u00e9trang\u00e8res qui ont choisi Tsukiji Cooking :"},"content":{"rendered":"<blockquote>\r\n<p style=\"text-align: center;\"><span style=\"font-size: 24pt;\"><strong>Les cadres et personnalit\u00e9s \u00e9trang\u00e8res qui ont choisi Tsukiji Cooking<\/strong><\/span><\/p>\r\n<hr \/>\r\n<p style=\"text-align: center;\"><strong><span style=\"color: #ff0000; font-size: 24pt;\">1.Nous proposons des cours sp\u00e9ciaux pour les lecteurs du Wall Street Journal (chefs d\u2019entreprise).<\/span><\/strong><\/p>\r\n<hr \/>\r\n<p><span style=\"font-size: 14pt;\">A)\u3000Plus grand journal \u00e9conomique du monde, le Wall Street Journal (WSJ) vise un public de chefs d\u2019entreprises internationales. Tsukiji Cooking, dans le cadre d\u2019un partenariat, propose p\u00e9riodiquement aux lecteurs du Wall Street Journal des cours sp\u00e9ciaux. <\/span><\/p>\r\n<p><span style=\"font-size: 14pt;\"> B)\u3000De plus, avec WSJ+ (programme \u00e0 destination des lecteurs fid\u00e8les du WSJ), nous ouvrons un lieu sp\u00e9cialement pr\u00e9par\u00e9 pour l\u2019occasion. <\/span><\/p>\r\n<hr \/>\r\n<p style=\"text-align: center;\"><strong><span style=\"color: #ff0000; font-size: 24pt;\">2.Une client\u00e8le de chefs ou propri\u00e9taires de grandes entreprises internationales. <\/span><\/strong><\/p>\r\n<hr \/>\r\n<p><span style=\"font-size: 14pt;\">A)\u3000Parmi ces chefs d\u2019entreprise, on trouve notamment les cadres du plus grand moteur de recherche, les cadres d\u2019une grande entreprise pharmaceutique internationale (administrateurs et au-dessus), le directeur d\u2019une filiale \u00e9trang\u00e8re d\u2019une grande entreprise japonaise fabriquant des machines. Ainsi, nous recevons une client\u00e8le de cadres d\u2019entreprises internationales japonaises et \u00e9trang\u00e8res.  <\/span><\/p>\r\n<p><span style=\"font-size: 14pt;\">B)\u3000Cours priv\u00e9s \u00e0 destination d\u2019une client\u00e8le ais\u00e9e : Nous recevons des clients tels que des stars hollywoodiennes, des auteurs de best-sellers internationaux ou encore des propri\u00e9taires d\u2019entreprises d\u2019\u00e9chelle mondiale.  <\/span><\/p>\r\n<hr \/>\r\n<p style=\"text-align: center;\"><strong><span style=\"color: #ff0000; font-size: 24pt;\">3.Apparition dans les grands m\u00e9dias destin\u00e9s aux classes sup\u00e9rieures. \r\n<\/span><\/strong><\/p>\r\n<hr \/>\r\n<p><span style=\"font-size: 14pt;\">De grands m\u00e9dias destin\u00e9s aux classes sup\u00e9rieures tels Business Traveller ou CNN ont \u00e9crit \u00e0 propos de Tsukiji Cooking, estimant nos \u00ab cours de cuisine au Japon \u00e0 destination des \u00e9trangers de classe ais\u00e9e \u00bb. <\/span><\/p>\r\n<hr \/>\r\n<p style=\"text-align: center;\"><strong><span style=\"font-size: 24pt;\">Contexte de sollicitation de cours de cuisine VIP.<\/span><\/strong><\/p>\r\n<hr \/>\r\n<p style=\"text-align: center;\"><strong><span style=\"color: #ff0000; font-size: 24pt;\">1.Les cadres \u00e9trangers qui cherchent une exp\u00e9rience authentique de la culture japonaise. <\/span><\/strong><\/p>\r\n<hr \/>\r\n<p><span style=\"font-size: 14pt;\">Derni\u00e8rement, nous entendons souvent de la part d\u2019employ\u00e9s et secr\u00e9taires japonais que \u00ab les cadres et personnalit\u00e9s \u00e9trangers s\u2019accordent pour dire que \u2018nous nous lassons des restaurants japonais traditionnels hauts de gamme (Ry\u00f4tei) et des lieux touristiques. Nous voulons exp\u00e9rimenter la culture japonaise authentique\u2019, \u2018nous aimerions essayer de fabriquer des sushis, pas simplement de les manger\u2019. \u00bb<\/span><\/p>\r\n<p><span style=\"font-size: 14pt;\">Avec la diffusion de la nourriture et de l\u2019alcool japonais, les cadres \u00e9trangers ont le d\u00e9sir d\u2019\u00e9tudier la nourriture et l\u2019alcool japonais mais aussi la culture japonaise. Il semble que la demande est partout croissante de la part de ces cadres et personnalit\u00e9s \u00e9trangers d\u2019exp\u00e9rimenter le Japon et sa culture culinaire non plus seulement \u00e0 un niveau \u00ab touristique \u00bb mais de mani\u00e8re authentique.  <\/span><\/p>\r\n<hr \/>\r\n<p style=\"text-align: center;\"><strong><span style=\"color: #ff0000; font-size: 24pt;\">2. Une demande croissante de la \u00ab cuisine au service de la consolidation d\u2019\u00e9quipe \u00bb. <\/span><\/strong><\/p>\r\n<hr \/>\r\n<p><span style=\"font-size: 14pt;\">A l\u2019\u00e9tranger, le proc\u00e9d\u00e9 dit de la \u00ab cuisine au service de la consolidation d\u2019\u00e9quipe \u00bb est r\u00e9pandu. Il y a une demande de renforcer l\u2019esprit d\u2019\u00e9quipe en m\u00e9langeant des cadres japonais et \u00e9trangers dans le cadre d\u2019une exp\u00e9rience de cuisine. <\/span><\/p>\r\n<hr \/>\r\n<p style=\"text-align: center;\"><strong><span style=\"font-size: 24pt;\">Exp\u00e9rimentons l\u2019hospitalit\u00e9 japonaise \u00e0 travers une exp\u00e9rience de cuisine. <\/span><\/strong><\/p>\r\n<hr \/>\r\n<p style=\"text-align: center;\"><strong><span style=\"color: #ff0000; font-size: 24pt;\">L\u2019exp\u00e9rience culinaire, un accueil r\u00e9pondant id\u00e9alement aux attentes des personnalit\u00e9s \u00e9trang\u00e8res. <\/span><\/strong><\/p>\r\n<hr \/>\r\n<p><span style=\"font-size: 14pt;\">En r\u00e9ponse \u00e0 cette augmentation de la demande d\u2019une exp\u00e9rience de la cuisine japonaise, les cadres et les employ\u00e9s japonais peuvent, \u00e0 travers des cours de cuisine, partager avec les cadres \u00e9trangers une exp\u00e9rience de la culture japonaise, et par leurs explications contribuer \u00e0 une meilleure compr\u00e9hension des Japonais et \u00e0 une diffusion de l\u2019esprit d\u2019hospitalit\u00e9. <\/span><\/p>\r\n<hr \/>\r\n<p style=\"text-align: center;\"><strong><span style=\"font-size: 24pt;\">Raisons de choisir Tsukiji Cooking<\/span><\/strong><\/p>\r\n<hr \/>\r\n<p style=\"text-align: center;\"><strong><span style=\"color: #ff0000; font-size: 24pt;\">1.Possibilit\u00e9 de personnalisation des programmes. <\/span><\/strong><\/p>\r\n<hr \/>\r\n<p><span style=\"font-size: 14pt;\">A) Capacit\u00e9 d\u2019adaptation aux chefs d\u2019entreprise \u00e9trangers : Dans le cas de chefs d\u2019entreprises ou de personnalit\u00e9s \u00e9trangers soucieux de leur alimentation, une grande adaptabilit\u00e9 au niveau culinaire est recherch\u00e9e tels des menus v\u00e9g\u00e9taliens, halal ou sans gluten. De plus, il y a une demande d\u2019un service de qualit\u00e9 qui n\u2019en soit pas pour autant guind\u00e9, d\u2019une atmosph\u00e8re qui cr\u00e9e la joie. Tsukiji Cooking, en tant que pionnier des cours de cuisine \u00e0 destination des \u00e9trangers au Japon, a devanc\u00e9 ses concurrents dans les services \u00e0 destination des \u00e9trangers et les programmes sur-mesure. <\/span><\/p>\r\n<p><span style=\"font-size: 14pt;\">B) Programmes sp\u00e9ciaux adapt\u00e9s aux \u00e9trangers : Des programmes adaptables aux diverses demandes des clients sont propos\u00e9s allant de la visite du march\u00e9 de Tsukiji \u00e0 la d\u00e9gustation de sak\u00e9, l\u2019alliance de mets japonais et de sak\u00e9s, l\u2019invitation d\u2019un cuisinier \u00e9toil\u00e9 au guide Michelin et autres. De plus, certains programmes con\u00e7us pour le renforcement de l\u2019esprit d\u2019\u00e9quipe sont possibles. Ces programmes sont l\u2019originalit\u00e9 de Tsukiji Cooking qui s\u2019est attach\u00e9 au \u00ab point de vue des \u00e9trangers \u00bb et en cela surpasse les cours de cuisine qui ne s\u2019adressent principalement qu\u2019aux japonais.  <\/span><\/p>\r\n<hr \/>\r\n<p style=\"text-align: center;\"><strong><span style=\"color: #ff0000; font-size: 24pt;\">2. Des infrastructures confortables et des espaces priv\u00e9s. <\/span><\/strong><\/p>\r\n<hr \/>\r\n<p><span style=\"font-size: 14pt;\">A)\u3000Nous proposons des espaces privatifs : Possibilit\u00e9 pour les participants de disposer d\u2019un espace priv\u00e9 de style japonais moderne dans le cadre de leurs activit\u00e9s. <\/span><\/p>\r\n<p><span style=\"font-size: 14pt;\"> B)\u3000Possibilit\u00e9 d\u2019accueil d\u2019un grand nombre de personnes et de mise \u00e0 disposition de salles de r\u00e9union : Possibilit\u00e9 de d\u00e9placement des activit\u00e9s vers l\u2019endroit d\u00e9sign\u00e9 par l\u2019entreprise cliente (salle de r\u00e9union ou autre).   <\/span><\/p>\r\n<hr \/>\r\n<p style=\"text-align: center;\"><strong><span style=\"font-size: 24pt;\">T\u00e9moignage de client<\/span><\/strong><\/p>\r\n<hr \/>\r\n<p style=\"text-align: center;\"><strong><span style=\"color: #ff0000; font-size: 24pt;\">\u00ab Id\u00e9al pour am\u00e9liorer la communication entre cadres d\u2019une entreprise internationale \u00bb. <\/span><\/strong><\/p>\r\n<hr \/>\r\n<p><span style=\"font-size: 14pt;\">Acheter des l\u00e9gumes et du poisson r\u00e9ellement frais au march\u00e9 de Tsukiji puis confectionner des Sushis avec des cadres japonais a \u00e9t\u00e9 l\u2019\u00e9v\u00e8nement le plus marquant de mon s\u00e9jour au Japon. Je pense que cette exp\u00e9rience commune a \u00e9t\u00e9 l\u2019occasion d\u2019une am\u00e9lioration du travail d\u2019\u00e9quipe entre mes coll\u00e8gues cadres d\u2019une entreprise internationale. En outre, moi qui voulais \u00e9tudier \u00e0 titre de loisir personnel l\u2019alcool japonais, la d\u00e9gustation de sak\u00e9 a \u00e9t\u00e9 extr\u00eamement enrichissante. Lorsque je rentrerai \u00e0 New-York, je voudrais vite retourner dans un restaurant de sushis pour r\u00e9essayer le Dassai. \r\nResponsable\/Administrateur am\u00e9ricain d\u2019une entreprise automobile internationale nord-am\u00e9ricaine.\r\n <\/span><\/p>\r\n<hr \/>\r\n<p style=\"text-align: center;\"><strong><span style=\"color: #ff0000; font-size: 24pt;\">Accueillez des cadres \u00e9trangers avec une exp\u00e9rience de cuisine !<\/span><\/strong><\/p>\r\n<hr \/>\r\n<p><span style=\"font-size: 14pt;\">Une personnalisation adapt\u00e9e aux demandes est indispensable aux programmes \u00e0 destination des cadres \u00e9trangers. N\u2019h\u00e9sitez pas \u00e0 prendre contact avec nous pour ces programmes \u00e0 destination des cadres. A partir de notre exp\u00e9rience avec d\u2019autres entreprises, nous \u00e9tablirons votre propre programme.  <\/span><\/p>\r\n<\/blockquote>","protected":false},"excerpt":{"rendered":"<p>Les cadres et personnalit\u00e9s \u00e9trang\u00e8res qui ont choisi Tsukiji Cooking 1.Nous proposons des cours sp\u00e9ciaux pour les lecteurs du Wall Street Journal (chefs d\u2019entreprise). A)\u3000Plus grand journal \u00e9conomique du monde, le Wall Street Journal (WSJ) vise un public de chefs d\u2019entreprises internationales. Tsukiji Cooking, dans le cadre d\u2019un partenariat, propose p\u00e9riodiquement aux lecteurs du Wall [&hellip;]<\/p>\n","protected":false},"author":2,"featured_media":0,"parent":0,"menu_order":56,"comment_status":"closed","ping_status":"closed","template":"","meta":{"_locale":"fr_FR","_original_post":"https:\/\/tsukiji-cooking.com\/?page_id=978","footnotes":""},"pagetype":[14],"class_list":["post-1413","page","type-page","status-publish","hentry","pagetype-pagetype3","fr-FR"],"yoast_head":"<!-- This site is optimized with the Yoast SEO plugin v26.8 - https:\/\/yoast.com\/product\/yoast-seo-wordpress\/ -->\n<title>Les cadres et personnalit\u00e9s \u00e9trang\u00e8res qui ont choisi Tsukiji Cooking : - TSUKIJI COOKING : \u7bc9\u5730\u30af\u30c3\u30ad\u30f3\u30b0<\/title>\n<meta name=\"description\" content=\"Parfaitement adapt\u00e9 aux r\u00e9ceptions de chefs d\u2019entreprises, cadres ou personnalit\u00e9s \u00e9trangers. Des chefs ou propri\u00e9taires de grandes entreprises internationales b\u00e9n\u00e9ficient de Tsukiji Cooking. Avec la diffusion de la nourriture et de l\u2019alcool japonais, les cadres \u00e9trangers ont le d\u00e9sir d\u2019\u00e9tudier la nourriture et l\u2019alcool japonais mais aussi la culture japonaise.\" \/>\n<meta name=\"robots\" content=\"index, follow, max-snippet:-1, max-image-preview:large, max-video-preview:-1\" \/>\n<link rel=\"canonical\" href=\"https:\/\/tsukiji-cooking.com\/fr\/vip-executive-cooking\/\" \/>\n<meta property=\"og:locale\" content=\"fr_FR\" \/>\n<meta property=\"og:type\" content=\"article\" \/>\n<meta property=\"og:title\" content=\"Les cadres et personnalit\u00e9s \u00e9trang\u00e8res qui ont choisi Tsukiji Cooking : - TSUKIJI COOKING : \u7bc9\u5730\u30af\u30c3\u30ad\u30f3\u30b0\" \/>\n<meta property=\"og:description\" content=\"Parfaitement adapt\u00e9 aux r\u00e9ceptions de chefs d\u2019entreprises, cadres ou personnalit\u00e9s \u00e9trangers. Des chefs ou propri\u00e9taires de grandes entreprises internationales b\u00e9n\u00e9ficient de Tsukiji Cooking. Avec la diffusion de la nourriture et de l\u2019alcool japonais, les cadres \u00e9trangers ont le d\u00e9sir d\u2019\u00e9tudier la nourriture et l\u2019alcool japonais mais aussi la culture japonaise.\" \/>\n<meta property=\"og:url\" content=\"https:\/\/tsukiji-cooking.com\/fr\/vip-executive-cooking\/\" \/>\n<meta property=\"og:site_name\" content=\"TSUKIJI COOKING : \u7bc9\u5730\u30af\u30c3\u30ad\u30f3\u30b0\" \/>\n<meta property=\"article:modified_time\" content=\"2020-11-02T09:14:30+00:00\" \/>\n<meta name=\"twitter:card\" content=\"summary_large_image\" \/>\n<meta name=\"twitter:label1\" content=\"Dur\u00e9e de lecture estim\u00e9e\" \/>\n\t<meta name=\"twitter:data1\" content=\"5 minutes\" \/>\n<script type=\"application\/ld+json\" class=\"yoast-schema-graph\">{\"@context\":\"https:\/\/schema.org\",\"@graph\":[{\"@type\":\"WebPage\",\"@id\":\"https:\/\/tsukiji-cooking.com\/fr\/vip-executive-cooking\/\",\"url\":\"https:\/\/tsukiji-cooking.com\/fr\/vip-executive-cooking\/\",\"name\":\"Les cadres et personnalit\u00e9s \u00e9trang\u00e8res qui ont choisi Tsukiji Cooking : - TSUKIJI COOKING : \u7bc9\u5730\u30af\u30c3\u30ad\u30f3\u30b0\",\"isPartOf\":{\"@id\":\"https:\/\/tsukiji-cooking.com\/#website\"},\"datePublished\":\"2020-11-02T09:12:18+00:00\",\"dateModified\":\"2020-11-02T09:14:30+00:00\",\"description\":\"Parfaitement adapt\u00e9 aux r\u00e9ceptions de chefs d\u2019entreprises, cadres ou personnalit\u00e9s \u00e9trangers. Des chefs ou propri\u00e9taires de grandes entreprises internationales b\u00e9n\u00e9ficient de Tsukiji Cooking. Avec la diffusion de la nourriture et de l\u2019alcool japonais, les cadres \u00e9trangers ont le d\u00e9sir d\u2019\u00e9tudier la nourriture et l\u2019alcool japonais mais aussi la culture japonaise.\",\"breadcrumb\":{\"@id\":\"https:\/\/tsukiji-cooking.com\/fr\/vip-executive-cooking\/#breadcrumb\"},\"inLanguage\":\"fr-FR\",\"potentialAction\":[{\"@type\":\"ReadAction\",\"target\":[\"https:\/\/tsukiji-cooking.com\/fr\/vip-executive-cooking\/\"]}]},{\"@type\":\"BreadcrumbList\",\"@id\":\"https:\/\/tsukiji-cooking.com\/fr\/vip-executive-cooking\/#breadcrumb\",\"itemListElement\":[{\"@type\":\"ListItem\",\"position\":1,\"name\":\"\u30db\u30fc\u30e0\",\"item\":\"https:\/\/tsukiji-cooking.com\/fr\/\"},{\"@type\":\"ListItem\",\"position\":2,\"name\":\"Les cadres et personnalit\u00e9s \u00e9trang\u00e8res qui ont choisi Tsukiji Cooking :\"}]},{\"@type\":\"WebSite\",\"@id\":\"https:\/\/tsukiji-cooking.com\/#website\",\"url\":\"https:\/\/tsukiji-cooking.com\/\",\"name\":\"TSUKIJI COOKING : \u7bc9\u5730\u30af\u30c3\u30ad\u30f3\u30b0\",\"description\":\"Japanese cooking class in tokyo\",\"potentialAction\":[{\"@type\":\"SearchAction\",\"target\":{\"@type\":\"EntryPoint\",\"urlTemplate\":\"https:\/\/tsukiji-cooking.com\/?s={search_term_string}\"},\"query-input\":{\"@type\":\"PropertyValueSpecification\",\"valueRequired\":true,\"valueName\":\"search_term_string\"}}],\"inLanguage\":\"fr-FR\"}]}<\/script>\n<!-- \/ Yoast SEO plugin. -->","yoast_head_json":{"title":"Les cadres et personnalit\u00e9s \u00e9trang\u00e8res qui ont choisi Tsukiji Cooking : - TSUKIJI COOKING : \u7bc9\u5730\u30af\u30c3\u30ad\u30f3\u30b0","description":"Parfaitement adapt\u00e9 aux r\u00e9ceptions de chefs d\u2019entreprises, cadres ou personnalit\u00e9s \u00e9trangers. Des chefs ou propri\u00e9taires de grandes entreprises internationales b\u00e9n\u00e9ficient de Tsukiji Cooking. Avec la diffusion de la nourriture et de l\u2019alcool japonais, les cadres \u00e9trangers ont le d\u00e9sir d\u2019\u00e9tudier la nourriture et l\u2019alcool japonais mais aussi la culture japonaise.","robots":{"index":"index","follow":"follow","max-snippet":"max-snippet:-1","max-image-preview":"max-image-preview:large","max-video-preview":"max-video-preview:-1"},"canonical":"https:\/\/tsukiji-cooking.com\/fr\/vip-executive-cooking\/","og_locale":"fr_FR","og_type":"article","og_title":"Les cadres et personnalit\u00e9s \u00e9trang\u00e8res qui ont choisi Tsukiji Cooking : - TSUKIJI COOKING : \u7bc9\u5730\u30af\u30c3\u30ad\u30f3\u30b0","og_description":"Parfaitement adapt\u00e9 aux r\u00e9ceptions de chefs d\u2019entreprises, cadres ou personnalit\u00e9s \u00e9trangers. Des chefs ou propri\u00e9taires de grandes entreprises internationales b\u00e9n\u00e9ficient de Tsukiji Cooking. Avec la diffusion de la nourriture et de l\u2019alcool japonais, les cadres \u00e9trangers ont le d\u00e9sir d\u2019\u00e9tudier la nourriture et l\u2019alcool japonais mais aussi la culture japonaise.","og_url":"https:\/\/tsukiji-cooking.com\/fr\/vip-executive-cooking\/","og_site_name":"TSUKIJI COOKING : \u7bc9\u5730\u30af\u30c3\u30ad\u30f3\u30b0","article_modified_time":"2020-11-02T09:14:30+00:00","twitter_card":"summary_large_image","twitter_misc":{"Dur\u00e9e de lecture estim\u00e9e":"5 minutes"},"schema":{"@context":"https:\/\/schema.org","@graph":[{"@type":"WebPage","@id":"https:\/\/tsukiji-cooking.com\/fr\/vip-executive-cooking\/","url":"https:\/\/tsukiji-cooking.com\/fr\/vip-executive-cooking\/","name":"Les cadres et personnalit\u00e9s \u00e9trang\u00e8res qui ont choisi Tsukiji Cooking : - TSUKIJI COOKING : \u7bc9\u5730\u30af\u30c3\u30ad\u30f3\u30b0","isPartOf":{"@id":"https:\/\/tsukiji-cooking.com\/#website"},"datePublished":"2020-11-02T09:12:18+00:00","dateModified":"2020-11-02T09:14:30+00:00","description":"Parfaitement adapt\u00e9 aux r\u00e9ceptions de chefs d\u2019entreprises, cadres ou personnalit\u00e9s \u00e9trangers. Des chefs ou propri\u00e9taires de grandes entreprises internationales b\u00e9n\u00e9ficient de Tsukiji Cooking. Avec la diffusion de la nourriture et de l\u2019alcool japonais, les cadres \u00e9trangers ont le d\u00e9sir d\u2019\u00e9tudier la nourriture et l\u2019alcool japonais mais aussi la culture japonaise.","breadcrumb":{"@id":"https:\/\/tsukiji-cooking.com\/fr\/vip-executive-cooking\/#breadcrumb"},"inLanguage":"fr-FR","potentialAction":[{"@type":"ReadAction","target":["https:\/\/tsukiji-cooking.com\/fr\/vip-executive-cooking\/"]}]},{"@type":"BreadcrumbList","@id":"https:\/\/tsukiji-cooking.com\/fr\/vip-executive-cooking\/#breadcrumb","itemListElement":[{"@type":"ListItem","position":1,"name":"\u30db\u30fc\u30e0","item":"https:\/\/tsukiji-cooking.com\/fr\/"},{"@type":"ListItem","position":2,"name":"Les cadres et personnalit\u00e9s \u00e9trang\u00e8res qui ont choisi Tsukiji Cooking :"}]},{"@type":"WebSite","@id":"https:\/\/tsukiji-cooking.com\/#website","url":"https:\/\/tsukiji-cooking.com\/","name":"TSUKIJI COOKING : \u7bc9\u5730\u30af\u30c3\u30ad\u30f3\u30b0","description":"Japanese cooking class in tokyo","potentialAction":[{"@type":"SearchAction","target":{"@type":"EntryPoint","urlTemplate":"https:\/\/tsukiji-cooking.com\/?s={search_term_string}"},"query-input":{"@type":"PropertyValueSpecification","valueRequired":true,"valueName":"search_term_string"}}],"inLanguage":"fr-FR"}]}},"_links":{"self":[{"href":"https:\/\/tsukiji-cooking.com\/wp-json\/wp\/v2\/pages\/1413","targetHints":{"allow":["GET"]}}],"collection":[{"href":"https:\/\/tsukiji-cooking.com\/wp-json\/wp\/v2\/pages"}],"about":[{"href":"https:\/\/tsukiji-cooking.com\/wp-json\/wp\/v2\/types\/page"}],"author":[{"embeddable":true,"href":"https:\/\/tsukiji-cooking.com\/wp-json\/wp\/v2\/users\/2"}],"replies":[{"embeddable":true,"href":"https:\/\/tsukiji-cooking.com\/wp-json\/wp\/v2\/comments?post=1413"}],"version-history":[{"count":1,"href":"https:\/\/tsukiji-cooking.com\/wp-json\/wp\/v2\/pages\/1413\/revisions"}],"predecessor-version":[{"id":1414,"href":"https:\/\/tsukiji-cooking.com\/wp-json\/wp\/v2\/pages\/1413\/revisions\/1414"}],"wp:attachment":[{"href":"https:\/\/tsukiji-cooking.com\/wp-json\/wp\/v2\/media?parent=1413"}],"wp:term":[{"taxonomy":"pagetype","embeddable":true,"href":"https:\/\/tsukiji-cooking.com\/wp-json\/wp\/v2\/pagetype?post=1413"}],"curies":[{"name":"wp","href":"https:\/\/api.w.org\/{rel}","templated":true}]}}