{"id":1142,"date":"2020-10-26T17:53:48","date_gmt":"2020-10-26T08:53:48","guid":{"rendered":"https:\/\/tsukiji-cooking.com\/?page_id=1142"},"modified":"2025-12-27T16:17:10","modified_gmt":"2025-12-27T07:17:10","slug":"tsukiji-outer-market-tour-cooking-class","status":"publish","type":"page","link":"https:\/\/tsukiji-cooking.com\/fr\/tsukiji-outer-market-tour-cooking-class\/","title":{"rendered":"Visite du march\u00e9 p\u00e9riph\u00e9rique de Tsukuji et cours de cuisine priv\u00e9s"},"content":{"rendered":"<br>\r\n<p style=\"text-align: center;\"><span style=\"font-size: 24pt;\"><strong>Visite priv\u00e9e du march\u00e9 p\u00e9riph\u00e9rique de Tsukiji et cours de cuisine<\/strong><\/span><\/p>\r\n<br>\r\n<!-- \u65e2\u5b58\u306e\u30d8\u30c3\u30c0\u30fc\u306f\u305d\u306e\u307e\u307e -->\r\n\r\n<!-- \u30b3\u30f3\u30c6\u30f3\u30c4\u90e8\u5206 -->\r\n<div class=\"tsukiji-content\">\r\n  <div class=\"tsukiji-container\">\r\n    <div class=\"tsukiji-video\">\r\n      <iframe\r\n        src=\"https:\/\/www.youtube.com\/embed\/t0itAIDQhhw?si=b0a4J8zwtDTISatf\"\r\n        title=\"YouTube video player\"\r\n        frameborder=\"0\"\r\n        allow=\"accelerometer; autoplay; clipboard-write; encrypted-media; gyroscope; picture-in-picture; web-share\"\r\n        allowfullscreen>\r\n      <\/iframe>\r\n    <\/div>\r\n    <div class=\"tsukiji-text\">\r\n      <h2>Visite priv\u00e9e du march\u00e9 p\u00e9riph\u00e9rique de Tsukiji et cours de cuisine<\/h2>\r\n      <p>Apr\u00e8s avoir pass\u00e9 une heure \u00e0 acheter des poissons frais et d\u00e9licieux ainsi que d&#8217;autres ingr\u00e9dients au march\u00e9 ext\u00e9rieur de Tsukiji, fr\u00e9quent\u00e9 par des professionnels de la gastronomie, nous retournerons au studio de cuisine de Tsukiji pour un cours de cuisine. Il est possible de choisir le menu. Nous vous assisterons \u00e9galement lors de vos achats\uff0e<\/p>\r\n    <\/div>\r\n  <\/div>\r\n<\/div>\r\n\r\n<!-- \u65e2\u5b58\u306e\u30d5\u30c3\u30bf\u30fc\u306f\u305d\u306e\u307e\u307e -->\r\n\r\n<style>\r\n.tsukiji-content {\r\n  padding: 20px;\r\n  background-color: #f8f8f8;\r\n}\r\n\r\n.tsukiji-container {\r\n  display: flex;\r\n  flex-wrap: wrap;\r\n  justify-content: space-between;\r\n  max-width: 1200px;\r\n  margin: 0 auto;\r\n  background-color: #ffffff;\r\n  border-radius: 8px;\r\n  overflow: hidden;\r\n  box-shadow: 0 2px 10px rgba(0,0,0,0.1);\r\n}\r\n\r\n.tsukiji-video {\r\n  flex: 1 1 100%;\r\n  max-width: 100%;\r\n}\r\n\r\n.tsukiji-text {\r\n  flex: 1 1 100%;\r\n  padding: 20px;\r\n}\r\n\r\n.tsukiji-video iframe {\r\n  width: 100%;\r\n  height: 315px;\r\n  border: none;\r\n}\r\n\r\n.tsukiji-text h2 {\r\n  font-size: 24px;\r\n  color: #333;\r\n  margin-bottom: 15px;\r\n}\r\n\r\n.tsukiji-text p {\r\n  font-size: 16px;\r\n  line-height: 1.6;\r\n  color: #666;\r\n}\r\n\r\n@media (min-width: 768px) {\r\n  .tsukiji-video {\r\n    flex: 1 1 50%;\r\n    max-width: 50%;\r\n  }\r\n  \r\n  .tsukiji-text {\r\n    flex: 1 1 50%;\r\n    max-width: 50%;\r\n  }\r\n}\r\n<\/style>\r\n<br>\r\n<p style=\"text-align: center;\"><span style=\"font-size: 24pt;\"><strong>Visite du march\u00e9 p\u00e9riph\u00e9rique de Tsukuji et cours de cuisine priv\u00e9s<\/strong><\/span><\/p>\r\n<p><span style=\"font-size: 14pt;\">Pr\u00e9c\u00e9dant les cours de cuisine, une visite d\u2019une heure du march\u00e9 p\u00e9riph\u00e9rique de Tsukuji, pris\u00e9 des professionnels de la restauration, sera l\u2019occasion de s\u00e9lectionner les poissons et autres ingr\u00e9dients frais et savoureux utilis\u00e9s par la suite. Il est possible de choisir une formule de cours pr\u00e9d\u00e9finie. Tsukiji Cooking s\u2019efforcera de vous conseiller dans vos achats. Tsukuji Cooking offre un large \u00e9ventail de formules touchant tant aux sushis, qu\u2019\u00e0 la cuisine quotidienne traditionnelle japonaise, \u00e0 la cuisine v\u00e9g\u00e9tarienne et sans gluten ou encore \u00e0 la p\u00e2tisserie japonaise. Tsukiji Cooking se r\u00e9v\u00e8lera parfait tant pour ceux aspirant \u00e0 \u00e9tudier s\u00e9rieusement la cuisine qu\u2019aux familles ou amis d\u00e9sirant profiter ensemble de cours de cuisine dans un espace priv\u00e9.<\/span><\/p>\r\n<p><span style=\"font-size: 14pt;\">Le march\u00e9 p\u00e9riph\u00e9rique, d\u00e9velopp\u00e9 parall\u00e8lement au march\u00e9 aux poissons de Tsukiji et y demeurant apr\u00e8s le d\u00e9placement de ce dernier, continue de commercer avec les professionnels de la restauration et tout un chacun. Dans des b\u00e2timents traditionnels japonais, quatre-cent soixante d\u00e9taillants et restaurateurs align\u00e9s vendent entre autres couteaux de cuisine, Tsukudani, laminaires et Katsuobushi. Pas moins de neuf magasins de Tamagoyaki, indispensables aux magasins de Sushi et dix grossistes de Katsuobushi se peuvent d\u00e9nombrer. Vous pouvez \u00e9galement vous procurer des assiettes, des bols ou encore des baguettes. Les habitu\u00e9s fr\u00e9quentent de longue date les boutiques qui ont chacune leurs sp\u00e9cificit\u00e9s propres. Il est en outre possible d\u2019acheter fruits et l\u00e9gumes frais \u00e0 Tsukiji Uogashi, march\u00e9 de produits frais rassemblant soixante boutiques de revendeurs.<\/span><\/p>","protected":false},"excerpt":{"rendered":"<p>Visite priv\u00e9e du march\u00e9 p\u00e9riph\u00e9rique de Tsukiji et cours de cuisine Visite priv\u00e9e du march\u00e9 p\u00e9riph\u00e9rique de Tsukiji et cours de cuisine Apr\u00e8s avoir pass\u00e9 une heure \u00e0 acheter des poissons frais et d\u00e9licieux ainsi que d&#8217;autres ingr\u00e9dients au march\u00e9 ext\u00e9rieur de Tsukiji, fr\u00e9quent\u00e9 par des professionnels de la gastronomie, nous retournerons au studio de [&hellip;]<\/p>\n","protected":false},"author":2,"featured_media":0,"parent":0,"menu_order":102,"comment_status":"open","ping_status":"open","template":"","meta":{"_locale":"fr_FR","_original_post":"https:\/\/tsukiji-cooking.com\/?p=93","footnotes":""},"pagetype":[14],"class_list":["post-1142","page","type-page","status-publish","hentry","pagetype-pagetype3","fr-FR"],"yoast_head":"<!-- This site is optimized with the Yoast SEO plugin v26.8 - https:\/\/yoast.com\/product\/yoast-seo-wordpress\/ -->\n<title>Visite du march\u00e9 p\u00e9riph\u00e9rique de Tsukuji et cours de cuisine priv\u00e9s - TSUKIJI COOKING : \u7bc9\u5730\u30af\u30c3\u30ad\u30f3\u30b0<\/title>\n<meta name=\"description\" content=\"Pr\u00e9c\u00e9dant les cours de cuisine, une visite d\u2019une heure du march\u00e9 p\u00e9riph\u00e9rique de Tsukuji, pris\u00e9 des professionnels de la restauration, sera l\u2019occasion de s\u00e9lectionner les poissons et autres ingr\u00e9dients frais et savoureux utilis\u00e9s par la suite. Il est possible de choisir une formule de cours pr\u00e9d\u00e9finie. Tsukiji Cooking s\u2019efforcera de vous conseiller dans vos achats. Tsukuji Cooking offre un large \u00e9ventail de formules touchant tant aux sushis, qu\u2019\u00e0 la cuisine quotidienne traditionnelle japonaise, \u00e0 la cuisine v\u00e9g\u00e9tarienne et sans gluten ou encore \u00e0 la p\u00e2tisserie japonaise. Tsukiji Cooking se r\u00e9v\u00e8lera parfait tant pour ceux aspirant \u00e0 \u00e9tudier s\u00e9rieusement la cuisine qu\u2019aux familles ou amis d\u00e9sirant profiter ensemble de cours de cuisine dans un espace priv\u00e9.\" \/>\n<meta name=\"robots\" content=\"index, follow, max-snippet:-1, max-image-preview:large, max-video-preview:-1\" \/>\n<link rel=\"canonical\" href=\"https:\/\/tsukiji-cooking.com\/fr\/tsukiji-outer-market-tour-cooking-class\/\" \/>\n<meta property=\"og:locale\" content=\"fr_FR\" \/>\n<meta property=\"og:type\" content=\"article\" \/>\n<meta property=\"og:title\" content=\"Visite du march\u00e9 p\u00e9riph\u00e9rique de Tsukuji et cours de cuisine priv\u00e9s - TSUKIJI COOKING : \u7bc9\u5730\u30af\u30c3\u30ad\u30f3\u30b0\" \/>\n<meta property=\"og:description\" content=\"Pr\u00e9c\u00e9dant les cours de cuisine, une visite d\u2019une heure du march\u00e9 p\u00e9riph\u00e9rique de Tsukuji, pris\u00e9 des professionnels de la restauration, sera l\u2019occasion de s\u00e9lectionner les poissons et autres ingr\u00e9dients frais et savoureux utilis\u00e9s par la suite. Il est possible de choisir une formule de cours pr\u00e9d\u00e9finie. Tsukiji Cooking s\u2019efforcera de vous conseiller dans vos achats. Tsukuji Cooking offre un large \u00e9ventail de formules touchant tant aux sushis, qu\u2019\u00e0 la cuisine quotidienne traditionnelle japonaise, \u00e0 la cuisine v\u00e9g\u00e9tarienne et sans gluten ou encore \u00e0 la p\u00e2tisserie japonaise. Tsukiji Cooking se r\u00e9v\u00e8lera parfait tant pour ceux aspirant \u00e0 \u00e9tudier s\u00e9rieusement la cuisine qu\u2019aux familles ou amis d\u00e9sirant profiter ensemble de cours de cuisine dans un espace priv\u00e9.\" \/>\n<meta property=\"og:url\" content=\"https:\/\/tsukiji-cooking.com\/fr\/tsukiji-outer-market-tour-cooking-class\/\" \/>\n<meta property=\"og:site_name\" content=\"TSUKIJI COOKING : \u7bc9\u5730\u30af\u30c3\u30ad\u30f3\u30b0\" \/>\n<meta property=\"article:modified_time\" content=\"2025-12-27T07:17:10+00:00\" \/>\n<meta name=\"twitter:card\" content=\"summary_large_image\" \/>\n<meta name=\"twitter:label1\" content=\"Dur\u00e9e de lecture estim\u00e9e\" \/>\n\t<meta name=\"twitter:data1\" content=\"2 minutes\" \/>\n<script type=\"application\/ld+json\" class=\"yoast-schema-graph\">{\"@context\":\"https:\/\/schema.org\",\"@graph\":[{\"@type\":\"WebPage\",\"@id\":\"https:\/\/tsukiji-cooking.com\/fr\/tsukiji-outer-market-tour-cooking-class\/\",\"url\":\"https:\/\/tsukiji-cooking.com\/fr\/tsukiji-outer-market-tour-cooking-class\/\",\"name\":\"Visite du march\u00e9 p\u00e9riph\u00e9rique de Tsukuji et cours de cuisine priv\u00e9s - TSUKIJI COOKING : \u7bc9\u5730\u30af\u30c3\u30ad\u30f3\u30b0\",\"isPartOf\":{\"@id\":\"https:\/\/tsukiji-cooking.com\/#website\"},\"datePublished\":\"2020-10-26T08:53:48+00:00\",\"dateModified\":\"2025-12-27T07:17:10+00:00\",\"description\":\"Pr\u00e9c\u00e9dant les cours de cuisine, une visite d\u2019une heure du march\u00e9 p\u00e9riph\u00e9rique de Tsukuji, pris\u00e9 des professionnels de la restauration, sera l\u2019occasion de s\u00e9lectionner les poissons et autres ingr\u00e9dients frais et savoureux utilis\u00e9s par la suite. Il est possible de choisir une formule de cours pr\u00e9d\u00e9finie. Tsukiji Cooking s\u2019efforcera de vous conseiller dans vos achats. Tsukuji Cooking offre un large \u00e9ventail de formules touchant tant aux sushis, qu\u2019\u00e0 la cuisine quotidienne traditionnelle japonaise, \u00e0 la cuisine v\u00e9g\u00e9tarienne et sans gluten ou encore \u00e0 la p\u00e2tisserie japonaise. Tsukiji Cooking se r\u00e9v\u00e8lera parfait tant pour ceux aspirant \u00e0 \u00e9tudier s\u00e9rieusement la cuisine qu\u2019aux familles ou amis d\u00e9sirant profiter ensemble de cours de cuisine dans un espace priv\u00e9.\",\"breadcrumb\":{\"@id\":\"https:\/\/tsukiji-cooking.com\/fr\/tsukiji-outer-market-tour-cooking-class\/#breadcrumb\"},\"inLanguage\":\"fr-FR\",\"potentialAction\":[{\"@type\":\"ReadAction\",\"target\":[\"https:\/\/tsukiji-cooking.com\/fr\/tsukiji-outer-market-tour-cooking-class\/\"]}]},{\"@type\":\"BreadcrumbList\",\"@id\":\"https:\/\/tsukiji-cooking.com\/fr\/tsukiji-outer-market-tour-cooking-class\/#breadcrumb\",\"itemListElement\":[{\"@type\":\"ListItem\",\"position\":1,\"name\":\"\u30db\u30fc\u30e0\",\"item\":\"https:\/\/tsukiji-cooking.com\/fr\/\"},{\"@type\":\"ListItem\",\"position\":2,\"name\":\"Visite du march\u00e9 p\u00e9riph\u00e9rique de Tsukuji et cours de cuisine priv\u00e9s\"}]},{\"@type\":\"WebSite\",\"@id\":\"https:\/\/tsukiji-cooking.com\/#website\",\"url\":\"https:\/\/tsukiji-cooking.com\/\",\"name\":\"TSUKIJI COOKING : \u7bc9\u5730\u30af\u30c3\u30ad\u30f3\u30b0\",\"description\":\"Japanese cooking class in tokyo\",\"potentialAction\":[{\"@type\":\"SearchAction\",\"target\":{\"@type\":\"EntryPoint\",\"urlTemplate\":\"https:\/\/tsukiji-cooking.com\/?s={search_term_string}\"},\"query-input\":{\"@type\":\"PropertyValueSpecification\",\"valueRequired\":true,\"valueName\":\"search_term_string\"}}],\"inLanguage\":\"fr-FR\"}]}<\/script>\n<!-- \/ Yoast SEO plugin. -->","yoast_head_json":{"title":"Visite du march\u00e9 p\u00e9riph\u00e9rique de Tsukuji et cours de cuisine priv\u00e9s - TSUKIJI COOKING : \u7bc9\u5730\u30af\u30c3\u30ad\u30f3\u30b0","description":"Pr\u00e9c\u00e9dant les cours de cuisine, une visite d\u2019une heure du march\u00e9 p\u00e9riph\u00e9rique de Tsukuji, pris\u00e9 des professionnels de la restauration, sera l\u2019occasion de s\u00e9lectionner les poissons et autres ingr\u00e9dients frais et savoureux utilis\u00e9s par la suite. Il est possible de choisir une formule de cours pr\u00e9d\u00e9finie. Tsukiji Cooking s\u2019efforcera de vous conseiller dans vos achats. Tsukuji Cooking offre un large \u00e9ventail de formules touchant tant aux sushis, qu\u2019\u00e0 la cuisine quotidienne traditionnelle japonaise, \u00e0 la cuisine v\u00e9g\u00e9tarienne et sans gluten ou encore \u00e0 la p\u00e2tisserie japonaise. Tsukiji Cooking se r\u00e9v\u00e8lera parfait tant pour ceux aspirant \u00e0 \u00e9tudier s\u00e9rieusement la cuisine qu\u2019aux familles ou amis d\u00e9sirant profiter ensemble de cours de cuisine dans un espace priv\u00e9.","robots":{"index":"index","follow":"follow","max-snippet":"max-snippet:-1","max-image-preview":"max-image-preview:large","max-video-preview":"max-video-preview:-1"},"canonical":"https:\/\/tsukiji-cooking.com\/fr\/tsukiji-outer-market-tour-cooking-class\/","og_locale":"fr_FR","og_type":"article","og_title":"Visite du march\u00e9 p\u00e9riph\u00e9rique de Tsukuji et cours de cuisine priv\u00e9s - TSUKIJI COOKING : \u7bc9\u5730\u30af\u30c3\u30ad\u30f3\u30b0","og_description":"Pr\u00e9c\u00e9dant les cours de cuisine, une visite d\u2019une heure du march\u00e9 p\u00e9riph\u00e9rique de Tsukuji, pris\u00e9 des professionnels de la restauration, sera l\u2019occasion de s\u00e9lectionner les poissons et autres ingr\u00e9dients frais et savoureux utilis\u00e9s par la suite. Il est possible de choisir une formule de cours pr\u00e9d\u00e9finie. Tsukiji Cooking s\u2019efforcera de vous conseiller dans vos achats. Tsukuji Cooking offre un large \u00e9ventail de formules touchant tant aux sushis, qu\u2019\u00e0 la cuisine quotidienne traditionnelle japonaise, \u00e0 la cuisine v\u00e9g\u00e9tarienne et sans gluten ou encore \u00e0 la p\u00e2tisserie japonaise. Tsukiji Cooking se r\u00e9v\u00e8lera parfait tant pour ceux aspirant \u00e0 \u00e9tudier s\u00e9rieusement la cuisine qu\u2019aux familles ou amis d\u00e9sirant profiter ensemble de cours de cuisine dans un espace priv\u00e9.","og_url":"https:\/\/tsukiji-cooking.com\/fr\/tsukiji-outer-market-tour-cooking-class\/","og_site_name":"TSUKIJI COOKING : \u7bc9\u5730\u30af\u30c3\u30ad\u30f3\u30b0","article_modified_time":"2025-12-27T07:17:10+00:00","twitter_card":"summary_large_image","twitter_misc":{"Dur\u00e9e de lecture estim\u00e9e":"2 minutes"},"schema":{"@context":"https:\/\/schema.org","@graph":[{"@type":"WebPage","@id":"https:\/\/tsukiji-cooking.com\/fr\/tsukiji-outer-market-tour-cooking-class\/","url":"https:\/\/tsukiji-cooking.com\/fr\/tsukiji-outer-market-tour-cooking-class\/","name":"Visite du march\u00e9 p\u00e9riph\u00e9rique de Tsukuji et cours de cuisine priv\u00e9s - TSUKIJI COOKING : \u7bc9\u5730\u30af\u30c3\u30ad\u30f3\u30b0","isPartOf":{"@id":"https:\/\/tsukiji-cooking.com\/#website"},"datePublished":"2020-10-26T08:53:48+00:00","dateModified":"2025-12-27T07:17:10+00:00","description":"Pr\u00e9c\u00e9dant les cours de cuisine, une visite d\u2019une heure du march\u00e9 p\u00e9riph\u00e9rique de Tsukuji, pris\u00e9 des professionnels de la restauration, sera l\u2019occasion de s\u00e9lectionner les poissons et autres ingr\u00e9dients frais et savoureux utilis\u00e9s par la suite. Il est possible de choisir une formule de cours pr\u00e9d\u00e9finie. Tsukiji Cooking s\u2019efforcera de vous conseiller dans vos achats. Tsukuji Cooking offre un large \u00e9ventail de formules touchant tant aux sushis, qu\u2019\u00e0 la cuisine quotidienne traditionnelle japonaise, \u00e0 la cuisine v\u00e9g\u00e9tarienne et sans gluten ou encore \u00e0 la p\u00e2tisserie japonaise. Tsukiji Cooking se r\u00e9v\u00e8lera parfait tant pour ceux aspirant \u00e0 \u00e9tudier s\u00e9rieusement la cuisine qu\u2019aux familles ou amis d\u00e9sirant profiter ensemble de cours de cuisine dans un espace priv\u00e9.","breadcrumb":{"@id":"https:\/\/tsukiji-cooking.com\/fr\/tsukiji-outer-market-tour-cooking-class\/#breadcrumb"},"inLanguage":"fr-FR","potentialAction":[{"@type":"ReadAction","target":["https:\/\/tsukiji-cooking.com\/fr\/tsukiji-outer-market-tour-cooking-class\/"]}]},{"@type":"BreadcrumbList","@id":"https:\/\/tsukiji-cooking.com\/fr\/tsukiji-outer-market-tour-cooking-class\/#breadcrumb","itemListElement":[{"@type":"ListItem","position":1,"name":"\u30db\u30fc\u30e0","item":"https:\/\/tsukiji-cooking.com\/fr\/"},{"@type":"ListItem","position":2,"name":"Visite du march\u00e9 p\u00e9riph\u00e9rique de Tsukuji et cours de cuisine priv\u00e9s"}]},{"@type":"WebSite","@id":"https:\/\/tsukiji-cooking.com\/#website","url":"https:\/\/tsukiji-cooking.com\/","name":"TSUKIJI COOKING : \u7bc9\u5730\u30af\u30c3\u30ad\u30f3\u30b0","description":"Japanese cooking class in tokyo","potentialAction":[{"@type":"SearchAction","target":{"@type":"EntryPoint","urlTemplate":"https:\/\/tsukiji-cooking.com\/?s={search_term_string}"},"query-input":{"@type":"PropertyValueSpecification","valueRequired":true,"valueName":"search_term_string"}}],"inLanguage":"fr-FR"}]}},"_links":{"self":[{"href":"https:\/\/tsukiji-cooking.com\/wp-json\/wp\/v2\/pages\/1142","targetHints":{"allow":["GET"]}}],"collection":[{"href":"https:\/\/tsukiji-cooking.com\/wp-json\/wp\/v2\/pages"}],"about":[{"href":"https:\/\/tsukiji-cooking.com\/wp-json\/wp\/v2\/types\/page"}],"author":[{"embeddable":true,"href":"https:\/\/tsukiji-cooking.com\/wp-json\/wp\/v2\/users\/2"}],"replies":[{"embeddable":true,"href":"https:\/\/tsukiji-cooking.com\/wp-json\/wp\/v2\/comments?post=1142"}],"version-history":[{"count":12,"href":"https:\/\/tsukiji-cooking.com\/wp-json\/wp\/v2\/pages\/1142\/revisions"}],"predecessor-version":[{"id":4442,"href":"https:\/\/tsukiji-cooking.com\/wp-json\/wp\/v2\/pages\/1142\/revisions\/4442"}],"wp:attachment":[{"href":"https:\/\/tsukiji-cooking.com\/wp-json\/wp\/v2\/media?parent=1142"}],"wp:term":[{"taxonomy":"pagetype","embeddable":true,"href":"https:\/\/tsukiji-cooking.com\/wp-json\/wp\/v2\/pagetype?post=1142"}],"curies":[{"name":"wp","href":"https:\/\/api.w.org\/{rel}","templated":true}]}}