{"id":4178,"date":"2025-10-13T12:23:02","date_gmt":"2025-10-13T03:23:02","guid":{"rendered":"https:\/\/tsukiji-cooking.com\/tsukiji-cooking-seleccionado-por-vip-y-ejecutivos-extranjeros\/"},"modified":"2026-04-02T13:38:41","modified_gmt":"2026-04-02T04:38:41","slug":"club-gourmet-de-tsukiji","status":"publish","type":"page","link":"https:\/\/tsukiji-cooking.com\/es\/club-gourmet-de-tsukiji\/","title":{"rendered":"Club Gastron\u00f3mico de Tsukiji"},"content":{"rendered":"<!DOCTYPE html>\r\n<html lang=\"es\">\r\n<head>\r\n<meta charset=\"UTF-8\">\r\n<title>Club Gastron\u00f3mico de Tsukiji<\/title>\r\n<meta name=\"viewport\" content=\"width=device-width, initial-scale=1\">\r\n<style>\r\n    body { font-family: Arial, sans-serif; margin: 0; padding: 0; background: #f9f9f9;}\r\n    h1 { color: red; font-size: 24pt; text-align: center; font-weight: bold; margin-top: 30px; margin-bottom: 16px;}\r\n    #about-club, #club-scene { margin-top: 10px !important;}\r\n    h2 { color: red; font-size: 16pt; font-weight: bold;}\r\n    p { font-size: 16pt; line-height: 1.6; margin: 10px 20px;}\r\n    .highlight { color: #993300; font-weight: bold;}\r\n    .member-list, .feature-list { margin: 20px auto; max-width: 800px; padding: 10px; background: #fff; border-radius: 8px; box-shadow: 0 2px 5px rgba(0,0,0,0.1);}\r\n    .member-item, .feature-item { margin-bottom: 15px;}\r\n    a { color: #993300; text-decoration: none;}\r\n    img { max-width: 100%; height: auto;}\r\n    .chef-profile { display: flex; justify-content: center; align-items: center; margin: 20px auto; padding: 10px; border: 1px solid #ccc; border-radius: 8px; background: #fff;}\r\n    .chef-profile img { flex-basis: 15%; max-width: 120px; border-radius: 8px;}\r\n    .chef-info { flex-basis: 80%; padding-left: 20px;}\r\n    .member-info { border: 1px solid #ccc; border-radius: 8px; padding: 10px; margin-bottom: 10px;}\r\n    .event-container { display: flex; flex-direction: column; gap: 30px; margin-bottom: 30px;}\r\n    .event-item { background: #f0f0f0; padding: 20px; border-radius: 10px;}\r\n    .youtube-video { position: relative; width: 100%; height: 0; padding-top: 56.25%; overflow: hidden;}\r\n    .youtube-video iframe { position: absolute; top: 0; left: 0; width: 100%; height: 100%;}\r\n    @media (min-width: 768px) {\r\n        .event-container { flex-direction: row; flex-wrap: wrap; justify-content: space-between;}\r\n        .event-item { width: 48%;}\r\n        .chef-profile { flex-direction: row; align-items: flex-start; text-align: left;}\r\n        .chef-profile img { margin-right: 20px;}\r\n        .chef-info { margin-top: 0;}\r\n    }\r\n<\/style>\r\n<\/head>\r\n<body>\r\n<h1 id=\"about-club\"><span style=\"color:#ff0000;\">\u00bfQu\u00e9 es el Club Gastron\u00f3mico de Tsukiji?<\/span><\/h1>\r\n<hr>\r\n<p>El <strong>Tsukiji Gourmet Club<\/strong> es un encuentro culinario exclusivo con sede en Tsukiji, Tokio, dedicado a compartir la exquisita <strong><span style=\"color:#ff0000;\">*cultura gastron\u00f3mica \u201cWa no Shoku\u201d<\/span><\/strong>, es decir, la cultura tradicional de la comida japonesa, con amantes de la gastronom\u00eda locales e internacionales. Este club se centra principalmente en productos frescos del mercado de Tsukiji y ofrece eventos gourmet participativos para adultos que son <em>deliciosos<\/em>, <em>divertidos<\/em> y <em>educativos<\/em> (no es una clase de cocina).<\/p>\r\n\r\n<div class=\"member-list\">\r\n<h2><span style=\"color:#ff0000;\">Importancia del Tsukiji Gourmet Club<\/span><\/h2>\r\n<div class=\"member-item\"><strong>1.<\/strong> <span class=\"highlight\">Revalorizaci\u00f3n de Tsukiji<\/span>: Contribuir al desarrollo de Tsukiji como centro de profesionales gastron\u00f3micos.<\/div>\r\n<div class=\"member-item\"><strong>2.<\/strong> <span class=\"highlight\">Estimulaci\u00f3n Sensorial<\/span>: Ofrecer experiencias agradables que inspiren y eduquen los sentidos.<\/div>\r\n<div class=\"member-item\"><strong>3.<\/strong> <span class=\"highlight\">Conciencia Social<\/span>: Promover la comprensi\u00f3n de temas ambientales y sociales a trav\u00e9s de la comida y la cocina.<\/div>\r\n<div class=\"member-item\"><strong>4.<\/strong> <span class=\"highlight\">Intercambio Internacional<\/span>: Fomentar la comprensi\u00f3n mutua y el respeto entre culturas gastron\u00f3micas mediante sesiones con chefs de todo el mundo.<\/div>\r\n<\/div>\r\n\r\n<h1><span style=\"color:#ff0000;\">\u00bfQu\u00e9 es la cultura \u201cWa no Shoku\u201d?<\/span><\/h1>\r\n<hr>\r\n<p>El sushi y la cocina tradicional japonesa, junto con la gastronom\u00eda japonesa de estilo franc\u00e9s, italiano, chino, ramen y occidental, desarrollada creativamente por chefs japoneses, forman parte del concepto de <strong><span style=\"color:#ff0000;\">\u201cWa no Shoku\u201d<\/span><\/strong>. En los \u00faltimos a\u00f1os, no solo los ingredientes y condimentos japoneses, sino tambi\u00e9n las t\u00e9cnicas culinarias, vajillas y utensilios japoneses, gozan de creciente reconocimiento mundial.<\/p>\r\n\r\n<h1><span style=\"color:#ff0000;\">Miembros del Club Gastron\u00f3mico de Tsukiji<\/span><\/h1>\r\n<hr>\r\n<div class=\"member-info\"><p><strong>\u30fb<span style=\"color:#993300;\">Shoji Kiyooka<\/span>:<\/strong> Director ejecutivo de Sunnylive Inc., operador de TSUKIJI COOKING.<\/p><\/div>\r\n<div class=\"member-info\"><p><strong>\u30fb<span style=\"color:#993300;\">Naoya Kadoi<\/span>:<\/strong> Quinta generaci\u00f3n de la empresa mayorista de pescado fresco \u201cKyotomi\u201d de Tsukiji.<\/p><\/div>\r\n<div class=\"member-info\"><p><strong>\u30fb<span style=\"color:#993300;\">Chefs de primer nivel<\/span>:<\/strong> Ofrecen men\u00fas de alta cocina elaborados con productos frescos del mercado de Tsukiji.<\/p><\/div>\r\n\r\n<h1><span style=\"color:#ff0000;\">Tres caracter\u00edsticas del Club Gastron\u00f3mico de Tsukiji<\/span><\/h1>\r\n<hr>\r\n<div class=\"feature-list\">\r\n<div class=\"feature-item\"><strong>1.<\/strong><span class=\"highlight\"> Eventos Regulares<\/span>: Celebrados cada 2 o 3 meses con diferentes tem\u00e1ticas gastron\u00f3micas.<\/div>\r\n<div class=\"feature-item\"><strong>2.<\/strong><span class=\"highlight\"> Men\u00fas Exclusivos<\/span>: Disfrute platos y bebidas de curso completo preparados por chefs especializados.<\/div>\r\n<div class=\"feature-item\"><strong>3.<\/strong><span class=\"highlight\"> Espacio Privado<\/span>: Un entorno especial para conversar libremente con los chefs y compartir experiencias culinarias.<\/div>\r\n<\/div>\r\n\r\n<h1 id=\"club-scene\"><span style=\"color:#ff0000;\">Escenas del Club Gastron\u00f3mico de Tsukiji<\/span><\/h1>\r\n<hr>\r\n<div class=\"event-container\">\r\n<div class=\"event-item\">\r\n<h2>1er Club Gastron\u00f3mico de Tsukiji (Washoku)<\/h2>\r\n<p>30 de noviembre de 2024 (s\u00e1bado)<br>Chef propietario Yoshitsugu Suzuki de \u201cKappo Suzuki\u201d<\/p>\r\n<div class=\"youtube-video\"><iframe src=\"https:\/\/www.youtube.com\/embed\/raWCQVn_Is8?si=AVqL7RwuT9c1ytyt\" frameborder=\"0\" allowfullscreen><\/iframe><\/div>\r\n<p>Elegante cocina japonesa centrada en la seriola amarilla, elaborada por un chef con estrella Michelin.<\/p>\r\n<\/div>\r\n\r\n<div class=\"event-item\">\r\n<h2>2\u00ba Club Gastron\u00f3mico de Tsukiji (Ramen)<\/h2>\r\n<p>8 de marzo de 2025 (s\u00e1bado)<br>Presidente y director ejecutivo Jiro Yatogi de \u201cMenya Musashi\u201d<\/p>\r\n<div class=\"youtube-video\"><iframe src=\"https:\/\/www.youtube.com\/embed\/cA-961E7bEo?si=OW8Sk2jc1Smdm3NI\" frameborder=\"0\" allowfullscreen><\/iframe><\/div>\r\n<p>Men\u00fa especial de ramen preparado con ingredientes frescos de Tsukiji.<\/p>\r\n<\/div>\r\n\r\n<div class=\"event-item\">\r\n<h2>3er Club Gastron\u00f3mico de Tsukiji (Cocina Occidental)<\/h2>\r\n<p>31 de mayo de 2025 (s\u00e1bado)<br>Chef propietario Katsuo Omiya de \u201cRestaurant Omiya\u201d<\/p>\r\n<div class=\"youtube-video\"><iframe loading=\"lazy\" width=\"560\" height=\"315\" src=\"https:\/\/www.youtube.com\/embed\/_6JfLPzFI1s?si=4ITFvWXzdCm3xtDi\" frameborder=\"0\" allowfullscreen><\/iframe><\/div>\r\n<p>Cena occidental especial elaborada con productos del mercado de Tsukiji por un maestro de la cocina occidental japonesa.<\/p>\r\n<\/div>\r\n\r\n<div class=\"event-item\">\r\n<h2>4\u00ba Club Gastron\u00f3mico de Tsukiji (Cocina Italiana)<\/h2>\r\n<p>28 de agosto de 2025 (s\u00e1bado)<br>Chef propietario Hiromi Yamada de \u201cInfinito Hiro\u201d<\/p>\r\n<div class=\"youtube-video\"><iframe loading=\"lazy\" width=\"560\" height=\"315\" src=\"https:\/\/www.youtube.com\/embed\/E2EXbTAFy50?si=Yk-HzJZK4CLV2vGv\" frameborder=\"0\" allowfullscreen><\/iframe><\/div>\r\n<p>Exquisitas creaciones italianas con ingredientes de Tsukiji por un chef legendario de la gastronom\u00eda japonesa-italiana.<\/p>\r\n<\/div>\r\n<\/div>\r\n\r\n<hr>\r\n<p><strong>\u25c65\u00ba Club Gastron\u00f3mico de Tsukiji (Recepci\u00f3n de pie \/ Evento de networking &#8211; ideal para conocer gente del \u00e1mbito gastron\u00f3mico)<\/strong><br>\r\n<strong>\u25a0<span style=\"color:#993300;\">Fecha y hora<\/span>:<\/strong> Domingo 9 de noviembre de 2025, 12:00 &#8211; 15:00<br>\r\n<strong>\u25a0<span style=\"color:#993300;\">Lugar<\/span>:<\/strong> TSUKIJI COOKING 5F, Edificio Solasia, 4-13-8 Tsukiji, Chuo-ku, Tokio <a href=\"https:\/\/tsukiji-cooking.com\/en\/access\/\">Acceso<\/a><br>\r\n<strong>\u25a0<span style=\"color:#993300;\">Cuota de participaci\u00f3n<\/span>:<\/strong> 14.300 JPY (impuestos incluidos)<br>\r\n<strong>\u25a0<span style=\"color:#993300;\">Gastronom\u00eda<\/span>:<\/strong> Todo lo que pueda beber y platos centrados en mariscos frescos de Tsukiji.<\/p>\r\n\r\n<h1><span style=\"color:#ff0000;\">Requisitos de participaci\u00f3n<\/span><\/h1>\r\n<hr>\r\n<p>&#8211; Este evento est\u00e1 dirigido a personas mayores de 20 a\u00f1os. Los menores pueden asistir solo acompa\u00f1ados de un tutor.<\/p>\r\n<p>&#8211; No se permitir\u00e1 la participaci\u00f3n a quienes causen molestias o comportamientos inapropiados.<\/p>\r\n<p>&#8211; Prohibida cualquier promoci\u00f3n religiosa, de redes multinivel, productos de seguros o negocios competidores.<\/p>\r\n<p>&#8211; Personas con antecedentes de mala conducta en eventos anteriores no podr\u00e1n participar nuevamente.<\/p>\r\n\r\n<h1><span style=\"color:#ff0000;\">Sobre la cuota de participaci\u00f3n<\/span><\/h1>\r\n<hr>\r\n<p>&#8211; Los detalles se indican en cada p\u00e1gina. Si no se especifica, consulte directamente.<\/p>\r\n<p>&#8211; Los precios incluyen impuestos.<\/p>\r\n\r\n<h1><span style=\"color:#ff0000;\">Condiciones de pago<\/span><\/h1>\r\n<hr>\r\n<p>&#8211; El pago debe realizarse por adelantado mediante tarjeta de cr\u00e9dito.<\/p>\r\n<p>&#8211; La reserva se confirma una vez recibido el pago completo. Por favor, tenga esto en cuenta de antemano.<\/p>\r\n\r\n<h1><span style=\"color:#ff0000;\">Pol\u00edtica de cancelaci\u00f3n<\/span><\/h1>\r\n<hr>\r\n<p>&#8211; Debido al aforo limitado, las cancelaciones despu\u00e9s de la reserva implican una tarifa del 100%. Le rogamos tenga precauci\u00f3n.<\/p>\r\n\r\n<hr>\r\n<h1><span style=\"color:#ff0000;\">Procedimiento de inscripci\u00f3n<\/span><\/h1>\r\n<hr>\r\n<div style=\"text-align:center;\"><a href=\"\"><img loading=\"lazy\" decoding=\"async\" class=\"alignnone size-medium wp-image-3700\" src=\"https:\/\/tsukiji-cooking.com\/wp-content\/uploads\/2025\/10\/Reserve-now.jpg\" alt=\"\" width=\"300\" height=\"60\"><\/a><\/div>\r\n<p>&#8211; Las inscripciones estar\u00e1n abiertas a partir del 20 de octubre de 2025.<\/p>\r\n<p>&#8211; Haga clic en el bot\u00f3n \u201cAplicar aqu\u00ed\u201d para registrarse.<br>Nota: Las solicitudes no se aceptar\u00e1n si el cupo est\u00e1 completo.<\/p>\r\n<p>&#8211; Quienes deseen unirse a la lista de espera o participar en eventos posteriores pueden contactarnos a trav\u00e9s de \u201cCONTACTO\u201d indicando su solicitud.<\/p>\r\n<hr>\r\n<\/body>\r\n<\/html>\r\n\r\n","protected":false},"excerpt":{"rendered":"<p>Club Gastron\u00f3mico de Tsukiji \u00bfQu\u00e9 es el Club Gastron\u00f3mico de Tsukiji? El Tsukiji Gourmet Club es un encuentro culinario exclusivo con sede en Tsukiji, Tokio, dedicado a compartir la exquisita *cultura gastron\u00f3mica \u201cWa no Shoku\u201d, es decir, la cultura tradicional de la comida japonesa, con amantes de la gastronom\u00eda locales e internacionales. Este club se [&hellip;]<\/p>\n","protected":false},"author":2,"featured_media":0,"parent":0,"menu_order":47,"comment_status":"closed","ping_status":"closed","template":"","meta":{"_locale":"es_ES","_original_post":"https:\/\/tsukiji-cooking.com\/?page_id=978","footnotes":""},"pagetype":[14],"class_list":["post-4178","page","type-page","status-publish","hentry","pagetype-pagetype3","es-ES"],"yoast_head":"<!-- This site is optimized with the Yoast SEO plugin v26.8 - https:\/\/yoast.com\/product\/yoast-seo-wordpress\/ -->\n<title>Club Gastron\u00f3mico de Tsukiji - TSUKIJI COOKING : \u7bc9\u5730\u30af\u30c3\u30ad\u30f3\u30b0<\/title>\n<meta name=\"description\" content=\"El Tsukiji Gourmet Club es un encuentro culinario especial originario de Tsukiji, Tokio. Ofrece eventos gourmet dirigidos a adultos, donde los participantes pueden experimentar la cultura gastron\u00f3mica \u201cWa no Shoku\u201d (comida japonesa) elaborada por chefs de primer nivel. Utilizando ingredientes frescos del mercado de Tsukiji, el club organiza eventos cada dos o tres meses en TSUKIJI COOKING, ofreciendo men\u00fas participativos con platos y bebidas que son deliciosos, entretenidos y educativos.\" \/>\n<meta name=\"robots\" content=\"index, follow, max-snippet:-1, max-image-preview:large, max-video-preview:-1\" \/>\n<link rel=\"canonical\" href=\"https:\/\/tsukiji-cooking.com\/es\/club-gourmet-de-tsukiji\/\" \/>\n<meta property=\"og:locale\" content=\"es_ES\" \/>\n<meta property=\"og:type\" content=\"article\" \/>\n<meta property=\"og:title\" content=\"Club Gastron\u00f3mico de Tsukiji - TSUKIJI COOKING : \u7bc9\u5730\u30af\u30c3\u30ad\u30f3\u30b0\" \/>\n<meta property=\"og:description\" content=\"El Tsukiji Gourmet Club es un encuentro culinario especial originario de Tsukiji, Tokio. Ofrece eventos gourmet dirigidos a adultos, donde los participantes pueden experimentar la cultura gastron\u00f3mica \u201cWa no Shoku\u201d (comida japonesa) elaborada por chefs de primer nivel. Utilizando ingredientes frescos del mercado de Tsukiji, el club organiza eventos cada dos o tres meses en TSUKIJI COOKING, ofreciendo men\u00fas participativos con platos y bebidas que son deliciosos, entretenidos y educativos.\" \/>\n<meta property=\"og:url\" content=\"https:\/\/tsukiji-cooking.com\/es\/club-gourmet-de-tsukiji\/\" \/>\n<meta property=\"og:site_name\" content=\"TSUKIJI COOKING : \u7bc9\u5730\u30af\u30c3\u30ad\u30f3\u30b0\" \/>\n<meta property=\"article:modified_time\" content=\"2026-04-02T04:38:41+00:00\" \/>\n<meta property=\"og:image\" content=\"https:\/\/tsukiji-cooking.com\/wp-content\/uploads\/2025\/02\/submit-or400.png\" \/>\n\t<meta property=\"og:image:width\" content=\"400\" \/>\n\t<meta property=\"og:image:height\" content=\"80\" \/>\n\t<meta property=\"og:image:type\" content=\"image\/png\" \/>\n<meta name=\"twitter:card\" content=\"summary_large_image\" \/>\n<meta name=\"twitter:label1\" content=\"Tiempo de lectura\" \/>\n\t<meta name=\"twitter:data1\" content=\"4 minutos\" \/>\n<script type=\"application\/ld+json\" class=\"yoast-schema-graph\">{\"@context\":\"https:\/\/schema.org\",\"@graph\":[{\"@type\":\"WebPage\",\"@id\":\"https:\/\/tsukiji-cooking.com\/es\/club-gourmet-de-tsukiji\/\",\"url\":\"https:\/\/tsukiji-cooking.com\/es\/club-gourmet-de-tsukiji\/\",\"name\":\"Club Gastron\u00f3mico de Tsukiji - TSUKIJI COOKING : \u7bc9\u5730\u30af\u30c3\u30ad\u30f3\u30b0\",\"isPartOf\":{\"@id\":\"https:\/\/tsukiji-cooking.com\/#website\"},\"primaryImageOfPage\":{\"@id\":\"https:\/\/tsukiji-cooking.com\/es\/club-gourmet-de-tsukiji\/#primaryimage\"},\"image\":{\"@id\":\"https:\/\/tsukiji-cooking.com\/es\/club-gourmet-de-tsukiji\/#primaryimage\"},\"thumbnailUrl\":\"https:\/\/tsukiji-cooking.com\/wp-content\/uploads\/2025\/10\/Reserve-now.jpg\",\"datePublished\":\"2025-10-13T03:23:02+00:00\",\"dateModified\":\"2026-04-02T04:38:41+00:00\",\"description\":\"El Tsukiji Gourmet Club es un encuentro culinario especial originario de Tsukiji, Tokio. Ofrece eventos gourmet dirigidos a adultos, donde los participantes pueden experimentar la cultura gastron\u00f3mica \u201cWa no Shoku\u201d (comida japonesa) elaborada por chefs de primer nivel. Utilizando ingredientes frescos del mercado de Tsukiji, el club organiza eventos cada dos o tres meses en TSUKIJI COOKING, ofreciendo men\u00fas participativos con platos y bebidas que son deliciosos, entretenidos y educativos.\",\"breadcrumb\":{\"@id\":\"https:\/\/tsukiji-cooking.com\/es\/club-gourmet-de-tsukiji\/#breadcrumb\"},\"inLanguage\":\"es\",\"potentialAction\":[{\"@type\":\"ReadAction\",\"target\":[\"https:\/\/tsukiji-cooking.com\/es\/club-gourmet-de-tsukiji\/\"]}]},{\"@type\":\"ImageObject\",\"inLanguage\":\"es\",\"@id\":\"https:\/\/tsukiji-cooking.com\/es\/club-gourmet-de-tsukiji\/#primaryimage\",\"url\":\"https:\/\/tsukiji-cooking.com\/wp-content\/uploads\/2025\/02\/submit-or400.png\",\"contentUrl\":\"https:\/\/tsukiji-cooking.com\/wp-content\/uploads\/2025\/02\/submit-or400.png\",\"width\":400,\"height\":80},{\"@type\":\"BreadcrumbList\",\"@id\":\"https:\/\/tsukiji-cooking.com\/es\/club-gourmet-de-tsukiji\/#breadcrumb\",\"itemListElement\":[{\"@type\":\"ListItem\",\"position\":1,\"name\":\"\u30db\u30fc\u30e0\",\"item\":\"https:\/\/tsukiji-cooking.com\/es\/\"},{\"@type\":\"ListItem\",\"position\":2,\"name\":\"Club Gastron\u00f3mico de Tsukiji\"}]},{\"@type\":\"WebSite\",\"@id\":\"https:\/\/tsukiji-cooking.com\/#website\",\"url\":\"https:\/\/tsukiji-cooking.com\/\",\"name\":\"TSUKIJI COOKING : \u7bc9\u5730\u30af\u30c3\u30ad\u30f3\u30b0\",\"description\":\"Japanese cooking class in tokyo\",\"potentialAction\":[{\"@type\":\"SearchAction\",\"target\":{\"@type\":\"EntryPoint\",\"urlTemplate\":\"https:\/\/tsukiji-cooking.com\/?s={search_term_string}\"},\"query-input\":{\"@type\":\"PropertyValueSpecification\",\"valueRequired\":true,\"valueName\":\"search_term_string\"}}],\"inLanguage\":\"es\"}]}<\/script>\n<!-- \/ Yoast SEO plugin. -->","yoast_head_json":{"title":"Club Gastron\u00f3mico de Tsukiji - TSUKIJI COOKING : \u7bc9\u5730\u30af\u30c3\u30ad\u30f3\u30b0","description":"El Tsukiji Gourmet Club es un encuentro culinario especial originario de Tsukiji, Tokio. Ofrece eventos gourmet dirigidos a adultos, donde los participantes pueden experimentar la cultura gastron\u00f3mica \u201cWa no Shoku\u201d (comida japonesa) elaborada por chefs de primer nivel. Utilizando ingredientes frescos del mercado de Tsukiji, el club organiza eventos cada dos o tres meses en TSUKIJI COOKING, ofreciendo men\u00fas participativos con platos y bebidas que son deliciosos, entretenidos y educativos.","robots":{"index":"index","follow":"follow","max-snippet":"max-snippet:-1","max-image-preview":"max-image-preview:large","max-video-preview":"max-video-preview:-1"},"canonical":"https:\/\/tsukiji-cooking.com\/es\/club-gourmet-de-tsukiji\/","og_locale":"es_ES","og_type":"article","og_title":"Club Gastron\u00f3mico de Tsukiji - TSUKIJI COOKING : \u7bc9\u5730\u30af\u30c3\u30ad\u30f3\u30b0","og_description":"El Tsukiji Gourmet Club es un encuentro culinario especial originario de Tsukiji, Tokio. Ofrece eventos gourmet dirigidos a adultos, donde los participantes pueden experimentar la cultura gastron\u00f3mica \u201cWa no Shoku\u201d (comida japonesa) elaborada por chefs de primer nivel. Utilizando ingredientes frescos del mercado de Tsukiji, el club organiza eventos cada dos o tres meses en TSUKIJI COOKING, ofreciendo men\u00fas participativos con platos y bebidas que son deliciosos, entretenidos y educativos.","og_url":"https:\/\/tsukiji-cooking.com\/es\/club-gourmet-de-tsukiji\/","og_site_name":"TSUKIJI COOKING : \u7bc9\u5730\u30af\u30c3\u30ad\u30f3\u30b0","article_modified_time":"2026-04-02T04:38:41+00:00","og_image":[{"width":400,"height":80,"url":"https:\/\/tsukiji-cooking.com\/wp-content\/uploads\/2025\/02\/submit-or400.png","type":"image\/png"}],"twitter_card":"summary_large_image","twitter_misc":{"Tiempo de lectura":"4 minutos"},"schema":{"@context":"https:\/\/schema.org","@graph":[{"@type":"WebPage","@id":"https:\/\/tsukiji-cooking.com\/es\/club-gourmet-de-tsukiji\/","url":"https:\/\/tsukiji-cooking.com\/es\/club-gourmet-de-tsukiji\/","name":"Club Gastron\u00f3mico de Tsukiji - TSUKIJI COOKING : \u7bc9\u5730\u30af\u30c3\u30ad\u30f3\u30b0","isPartOf":{"@id":"https:\/\/tsukiji-cooking.com\/#website"},"primaryImageOfPage":{"@id":"https:\/\/tsukiji-cooking.com\/es\/club-gourmet-de-tsukiji\/#primaryimage"},"image":{"@id":"https:\/\/tsukiji-cooking.com\/es\/club-gourmet-de-tsukiji\/#primaryimage"},"thumbnailUrl":"https:\/\/tsukiji-cooking.com\/wp-content\/uploads\/2025\/10\/Reserve-now.jpg","datePublished":"2025-10-13T03:23:02+00:00","dateModified":"2026-04-02T04:38:41+00:00","description":"El Tsukiji Gourmet Club es un encuentro culinario especial originario de Tsukiji, Tokio. Ofrece eventos gourmet dirigidos a adultos, donde los participantes pueden experimentar la cultura gastron\u00f3mica \u201cWa no Shoku\u201d (comida japonesa) elaborada por chefs de primer nivel. Utilizando ingredientes frescos del mercado de Tsukiji, el club organiza eventos cada dos o tres meses en TSUKIJI COOKING, ofreciendo men\u00fas participativos con platos y bebidas que son deliciosos, entretenidos y educativos.","breadcrumb":{"@id":"https:\/\/tsukiji-cooking.com\/es\/club-gourmet-de-tsukiji\/#breadcrumb"},"inLanguage":"es","potentialAction":[{"@type":"ReadAction","target":["https:\/\/tsukiji-cooking.com\/es\/club-gourmet-de-tsukiji\/"]}]},{"@type":"ImageObject","inLanguage":"es","@id":"https:\/\/tsukiji-cooking.com\/es\/club-gourmet-de-tsukiji\/#primaryimage","url":"https:\/\/tsukiji-cooking.com\/wp-content\/uploads\/2025\/02\/submit-or400.png","contentUrl":"https:\/\/tsukiji-cooking.com\/wp-content\/uploads\/2025\/02\/submit-or400.png","width":400,"height":80},{"@type":"BreadcrumbList","@id":"https:\/\/tsukiji-cooking.com\/es\/club-gourmet-de-tsukiji\/#breadcrumb","itemListElement":[{"@type":"ListItem","position":1,"name":"\u30db\u30fc\u30e0","item":"https:\/\/tsukiji-cooking.com\/es\/"},{"@type":"ListItem","position":2,"name":"Club Gastron\u00f3mico de Tsukiji"}]},{"@type":"WebSite","@id":"https:\/\/tsukiji-cooking.com\/#website","url":"https:\/\/tsukiji-cooking.com\/","name":"TSUKIJI COOKING : \u7bc9\u5730\u30af\u30c3\u30ad\u30f3\u30b0","description":"Japanese cooking class in tokyo","potentialAction":[{"@type":"SearchAction","target":{"@type":"EntryPoint","urlTemplate":"https:\/\/tsukiji-cooking.com\/?s={search_term_string}"},"query-input":{"@type":"PropertyValueSpecification","valueRequired":true,"valueName":"search_term_string"}}],"inLanguage":"es"}]}},"_links":{"self":[{"href":"https:\/\/tsukiji-cooking.com\/wp-json\/wp\/v2\/pages\/4178","targetHints":{"allow":["GET"]}}],"collection":[{"href":"https:\/\/tsukiji-cooking.com\/wp-json\/wp\/v2\/pages"}],"about":[{"href":"https:\/\/tsukiji-cooking.com\/wp-json\/wp\/v2\/types\/page"}],"author":[{"embeddable":true,"href":"https:\/\/tsukiji-cooking.com\/wp-json\/wp\/v2\/users\/2"}],"replies":[{"embeddable":true,"href":"https:\/\/tsukiji-cooking.com\/wp-json\/wp\/v2\/comments?post=4178"}],"version-history":[{"count":17,"href":"https:\/\/tsukiji-cooking.com\/wp-json\/wp\/v2\/pages\/4178\/revisions"}],"predecessor-version":[{"id":4597,"href":"https:\/\/tsukiji-cooking.com\/wp-json\/wp\/v2\/pages\/4178\/revisions\/4597"}],"wp:attachment":[{"href":"https:\/\/tsukiji-cooking.com\/wp-json\/wp\/v2\/media?parent=4178"}],"wp:term":[{"taxonomy":"pagetype","embeddable":true,"href":"https:\/\/tsukiji-cooking.com\/wp-json\/wp\/v2\/pagetype?post=4178"}],"curies":[{"name":"wp","href":"https:\/\/api.w.org\/{rel}","templated":true}]}}