{"id":1232,"date":"2020-10-27T18:17:47","date_gmt":"2020-10-27T09:17:47","guid":{"rendered":"https:\/\/tsukiji-cooking.com\/?page_id=1232"},"modified":"2022-08-18T17:11:44","modified_gmt":"2022-08-18T08:11:44","slug":"private-lessons-michelin-starred-chef-3","status":"publish","type":"page","link":"https:\/\/tsukiji-cooking.com\/es\/private-lessons-michelin-starred-chef-3\/","title":{"rendered":"Tour del Mercado de Tsukiji con el chef del restaurante japon\u00e9s con estrellas Michelin y clase de cocina (hasta 20 personas)"},"content":{"rendered":"<p style=\"text-align: center;\"><span style=\"font-size: 24pt;\"><strong>Tour del Mercado de Tsukiji con el chef del restaurante japon\u00e9s con estrellas Michelin y clase de cocina (hasta 10 personas)<\/strong><\/span><\/p>\r\n<p><span style=\"font-size: 14pt;\">Es una clase especial de cocina en la que compra ingredientes en Tsukiji y cocina con el Sr. Koji Suzuki, el due\u00f1o del restaurante japon\u00e9s Suzuki que ha ganado 1 estrella de Gu\u00eda Michelin durante 13 a\u00f1os consecutivos.<\/span><\/p>\r\n<p><img loading=\"lazy\" decoding=\"async\" class=\"aligncenter wp-image-760 size-full\" src=\"https:\/\/tsukiji-cooking.com\/wp-content\/uploads\/2020\/10\/image_01.jpg\" alt=\"\" width=\"750\" height=\"563\" srcset=\"https:\/\/tsukiji-cooking.com\/wp-content\/uploads\/2020\/10\/image_01.jpg 750w, https:\/\/tsukiji-cooking.com\/wp-content\/uploads\/2020\/10\/image_01-300x225.jpg 300w\" sizes=\"auto, (max-width: 750px) 100vw, 750px\" \/><\/p>\r\n<p style=\"text-align: center;\"><span style=\"font-size: 18pt;\"><strong>Perfil de Sr. Yoshitsugu Suzuki<\/strong><\/span><\/p>\r\n<p><span style=\"font-size: 14pt;\">Estudi\u00f3 como chef de sushi y se independiz\u00f3 a los 29 a\u00f1os. La capacidad de identificar peces es excepcional, y camina constantemente por Tsukiji para encontrar siempre buenos ingredientes. Aprecia los platos que sacan la cara el gusto de los ingredientes temporales. Un chef popular en la televisi\u00f3n y en los medios de comunicaci\u00f3n.<\/span><\/p>","protected":false},"excerpt":{"rendered":"<p>Tour del Mercado de Tsukiji con el chef del restaurante japon\u00e9s con estrellas Michelin y clase de cocina (hasta 10 personas) Es una clase especial de cocina en la que compra ingredientes en Tsukiji y cocina con el Sr. Koji Suzuki, el due\u00f1o del restaurante japon\u00e9s Suzuki que ha ganado 1 estrella de Gu\u00eda Michelin [&hellip;]<\/p>\n","protected":false},"author":2,"featured_media":0,"parent":0,"menu_order":81,"comment_status":"closed","ping_status":"closed","template":"","meta":{"_locale":"es_ES","_original_post":"https:\/\/tsukiji-cooking.com\/?page_id=756","footnotes":""},"pagetype":[13],"class_list":["post-1232","page","type-page","status-publish","hentry","pagetype-pagetype1","es-ES"],"yoast_head":"<!-- This site is optimized with the Yoast SEO plugin v26.8 - https:\/\/yoast.com\/product\/yoast-seo-wordpress\/ -->\n<title>Tour del Mercado de Tsukiji con el chef del restaurante japon\u00e9s con estrellas Michelin y clase de cocina (hasta 20 personas) - TSUKIJI COOKING : \u7bc9\u5730\u30af\u30c3\u30ad\u30f3\u30b0<\/title>\n<meta name=\"description\" content=\"Est\u00e1 disponible una clase de cocina y la compra de los ingredientes en Tsukiji por el chef del restaurante japon\u00e9s que ha ganado 1 estrella Gu\u00eda Michelin durante 13 a\u00f1os consecutivos.\" \/>\n<meta name=\"robots\" content=\"index, follow, max-snippet:-1, max-image-preview:large, max-video-preview:-1\" \/>\n<link rel=\"canonical\" href=\"https:\/\/tsukiji-cooking.com\/es\/private-lessons-michelin-starred-chef-3\/\" \/>\n<meta property=\"og:locale\" content=\"es_ES\" \/>\n<meta property=\"og:type\" content=\"article\" \/>\n<meta property=\"og:title\" content=\"Tour del Mercado de Tsukiji con el chef del restaurante japon\u00e9s con estrellas Michelin y clase de cocina (hasta 20 personas) - TSUKIJI COOKING : \u7bc9\u5730\u30af\u30c3\u30ad\u30f3\u30b0\" \/>\n<meta property=\"og:description\" content=\"Est\u00e1 disponible una clase de cocina y la compra de los ingredientes en Tsukiji por el chef del restaurante japon\u00e9s que ha ganado 1 estrella Gu\u00eda Michelin durante 13 a\u00f1os consecutivos.\" \/>\n<meta property=\"og:url\" content=\"https:\/\/tsukiji-cooking.com\/es\/private-lessons-michelin-starred-chef-3\/\" \/>\n<meta property=\"og:site_name\" content=\"TSUKIJI COOKING : \u7bc9\u5730\u30af\u30c3\u30ad\u30f3\u30b0\" \/>\n<meta property=\"article:modified_time\" content=\"2022-08-18T08:11:44+00:00\" \/>\n<meta property=\"og:image\" content=\"https:\/\/tsukiji-cooking.com\/wp-content\/uploads\/2020\/10\/image_01.jpg\" \/>\n<meta name=\"twitter:card\" content=\"summary_large_image\" \/>\n<meta name=\"twitter:label1\" content=\"Tiempo de lectura\" \/>\n\t<meta name=\"twitter:data1\" content=\"1 minuto\" \/>\n<script type=\"application\/ld+json\" class=\"yoast-schema-graph\">{\"@context\":\"https:\/\/schema.org\",\"@graph\":[{\"@type\":\"WebPage\",\"@id\":\"https:\/\/tsukiji-cooking.com\/es\/private-lessons-michelin-starred-chef-3\/\",\"url\":\"https:\/\/tsukiji-cooking.com\/es\/private-lessons-michelin-starred-chef-3\/\",\"name\":\"Tour del Mercado de Tsukiji con el chef del restaurante japon\u00e9s con estrellas Michelin y clase de cocina (hasta 20 personas) - TSUKIJI COOKING : \u7bc9\u5730\u30af\u30c3\u30ad\u30f3\u30b0\",\"isPartOf\":{\"@id\":\"https:\/\/tsukiji-cooking.com\/#website\"},\"primaryImageOfPage\":{\"@id\":\"https:\/\/tsukiji-cooking.com\/es\/private-lessons-michelin-starred-chef-3\/#primaryimage\"},\"image\":{\"@id\":\"https:\/\/tsukiji-cooking.com\/es\/private-lessons-michelin-starred-chef-3\/#primaryimage\"},\"thumbnailUrl\":\"https:\/\/tsukiji-cooking.com\/wp-content\/uploads\/2020\/10\/image_01.jpg\",\"datePublished\":\"2020-10-27T09:17:47+00:00\",\"dateModified\":\"2022-08-18T08:11:44+00:00\",\"description\":\"Est\u00e1 disponible una clase de cocina y la compra de los ingredientes en Tsukiji por el chef del restaurante japon\u00e9s que ha ganado 1 estrella Gu\u00eda Michelin durante 13 a\u00f1os consecutivos.\",\"breadcrumb\":{\"@id\":\"https:\/\/tsukiji-cooking.com\/es\/private-lessons-michelin-starred-chef-3\/#breadcrumb\"},\"inLanguage\":\"es\",\"potentialAction\":[{\"@type\":\"ReadAction\",\"target\":[\"https:\/\/tsukiji-cooking.com\/es\/private-lessons-michelin-starred-chef-3\/\"]}]},{\"@type\":\"ImageObject\",\"inLanguage\":\"es\",\"@id\":\"https:\/\/tsukiji-cooking.com\/es\/private-lessons-michelin-starred-chef-3\/#primaryimage\",\"url\":\"https:\/\/tsukiji-cooking.com\/wp-content\/uploads\/2020\/10\/image_01.jpg\",\"contentUrl\":\"https:\/\/tsukiji-cooking.com\/wp-content\/uploads\/2020\/10\/image_01.jpg\",\"width\":750,\"height\":563},{\"@type\":\"BreadcrumbList\",\"@id\":\"https:\/\/tsukiji-cooking.com\/es\/private-lessons-michelin-starred-chef-3\/#breadcrumb\",\"itemListElement\":[{\"@type\":\"ListItem\",\"position\":1,\"name\":\"\u30db\u30fc\u30e0\",\"item\":\"https:\/\/tsukiji-cooking.com\/es\/\"},{\"@type\":\"ListItem\",\"position\":2,\"name\":\"Tour del Mercado de Tsukiji con el chef del restaurante japon\u00e9s con estrellas Michelin y clase de cocina (hasta 20 personas)\"}]},{\"@type\":\"WebSite\",\"@id\":\"https:\/\/tsukiji-cooking.com\/#website\",\"url\":\"https:\/\/tsukiji-cooking.com\/\",\"name\":\"TSUKIJI COOKING : \u7bc9\u5730\u30af\u30c3\u30ad\u30f3\u30b0\",\"description\":\"Japanese cooking class in tokyo\",\"potentialAction\":[{\"@type\":\"SearchAction\",\"target\":{\"@type\":\"EntryPoint\",\"urlTemplate\":\"https:\/\/tsukiji-cooking.com\/?s={search_term_string}\"},\"query-input\":{\"@type\":\"PropertyValueSpecification\",\"valueRequired\":true,\"valueName\":\"search_term_string\"}}],\"inLanguage\":\"es\"}]}<\/script>\n<!-- \/ Yoast SEO plugin. -->","yoast_head_json":{"title":"Tour del Mercado de Tsukiji con el chef del restaurante japon\u00e9s con estrellas Michelin y clase de cocina (hasta 20 personas) - TSUKIJI COOKING : \u7bc9\u5730\u30af\u30c3\u30ad\u30f3\u30b0","description":"Est\u00e1 disponible una clase de cocina y la compra de los ingredientes en Tsukiji por el chef del restaurante japon\u00e9s que ha ganado 1 estrella Gu\u00eda Michelin durante 13 a\u00f1os consecutivos.","robots":{"index":"index","follow":"follow","max-snippet":"max-snippet:-1","max-image-preview":"max-image-preview:large","max-video-preview":"max-video-preview:-1"},"canonical":"https:\/\/tsukiji-cooking.com\/es\/private-lessons-michelin-starred-chef-3\/","og_locale":"es_ES","og_type":"article","og_title":"Tour del Mercado de Tsukiji con el chef del restaurante japon\u00e9s con estrellas Michelin y clase de cocina (hasta 20 personas) - TSUKIJI COOKING : \u7bc9\u5730\u30af\u30c3\u30ad\u30f3\u30b0","og_description":"Est\u00e1 disponible una clase de cocina y la compra de los ingredientes en Tsukiji por el chef del restaurante japon\u00e9s que ha ganado 1 estrella Gu\u00eda Michelin durante 13 a\u00f1os consecutivos.","og_url":"https:\/\/tsukiji-cooking.com\/es\/private-lessons-michelin-starred-chef-3\/","og_site_name":"TSUKIJI COOKING : \u7bc9\u5730\u30af\u30c3\u30ad\u30f3\u30b0","article_modified_time":"2022-08-18T08:11:44+00:00","og_image":[{"url":"https:\/\/tsukiji-cooking.com\/wp-content\/uploads\/2020\/10\/image_01.jpg","type":"","width":"","height":""}],"twitter_card":"summary_large_image","twitter_misc":{"Tiempo de lectura":"1 minuto"},"schema":{"@context":"https:\/\/schema.org","@graph":[{"@type":"WebPage","@id":"https:\/\/tsukiji-cooking.com\/es\/private-lessons-michelin-starred-chef-3\/","url":"https:\/\/tsukiji-cooking.com\/es\/private-lessons-michelin-starred-chef-3\/","name":"Tour del Mercado de Tsukiji con el chef del restaurante japon\u00e9s con estrellas Michelin y clase de cocina (hasta 20 personas) - TSUKIJI COOKING : \u7bc9\u5730\u30af\u30c3\u30ad\u30f3\u30b0","isPartOf":{"@id":"https:\/\/tsukiji-cooking.com\/#website"},"primaryImageOfPage":{"@id":"https:\/\/tsukiji-cooking.com\/es\/private-lessons-michelin-starred-chef-3\/#primaryimage"},"image":{"@id":"https:\/\/tsukiji-cooking.com\/es\/private-lessons-michelin-starred-chef-3\/#primaryimage"},"thumbnailUrl":"https:\/\/tsukiji-cooking.com\/wp-content\/uploads\/2020\/10\/image_01.jpg","datePublished":"2020-10-27T09:17:47+00:00","dateModified":"2022-08-18T08:11:44+00:00","description":"Est\u00e1 disponible una clase de cocina y la compra de los ingredientes en Tsukiji por el chef del restaurante japon\u00e9s que ha ganado 1 estrella Gu\u00eda Michelin durante 13 a\u00f1os consecutivos.","breadcrumb":{"@id":"https:\/\/tsukiji-cooking.com\/es\/private-lessons-michelin-starred-chef-3\/#breadcrumb"},"inLanguage":"es","potentialAction":[{"@type":"ReadAction","target":["https:\/\/tsukiji-cooking.com\/es\/private-lessons-michelin-starred-chef-3\/"]}]},{"@type":"ImageObject","inLanguage":"es","@id":"https:\/\/tsukiji-cooking.com\/es\/private-lessons-michelin-starred-chef-3\/#primaryimage","url":"https:\/\/tsukiji-cooking.com\/wp-content\/uploads\/2020\/10\/image_01.jpg","contentUrl":"https:\/\/tsukiji-cooking.com\/wp-content\/uploads\/2020\/10\/image_01.jpg","width":750,"height":563},{"@type":"BreadcrumbList","@id":"https:\/\/tsukiji-cooking.com\/es\/private-lessons-michelin-starred-chef-3\/#breadcrumb","itemListElement":[{"@type":"ListItem","position":1,"name":"\u30db\u30fc\u30e0","item":"https:\/\/tsukiji-cooking.com\/es\/"},{"@type":"ListItem","position":2,"name":"Tour del Mercado de Tsukiji con el chef del restaurante japon\u00e9s con estrellas Michelin y clase de cocina (hasta 20 personas)"}]},{"@type":"WebSite","@id":"https:\/\/tsukiji-cooking.com\/#website","url":"https:\/\/tsukiji-cooking.com\/","name":"TSUKIJI COOKING : \u7bc9\u5730\u30af\u30c3\u30ad\u30f3\u30b0","description":"Japanese cooking class in tokyo","potentialAction":[{"@type":"SearchAction","target":{"@type":"EntryPoint","urlTemplate":"https:\/\/tsukiji-cooking.com\/?s={search_term_string}"},"query-input":{"@type":"PropertyValueSpecification","valueRequired":true,"valueName":"search_term_string"}}],"inLanguage":"es"}]}},"_links":{"self":[{"href":"https:\/\/tsukiji-cooking.com\/wp-json\/wp\/v2\/pages\/1232","targetHints":{"allow":["GET"]}}],"collection":[{"href":"https:\/\/tsukiji-cooking.com\/wp-json\/wp\/v2\/pages"}],"about":[{"href":"https:\/\/tsukiji-cooking.com\/wp-json\/wp\/v2\/types\/page"}],"author":[{"embeddable":true,"href":"https:\/\/tsukiji-cooking.com\/wp-json\/wp\/v2\/users\/2"}],"replies":[{"embeddable":true,"href":"https:\/\/tsukiji-cooking.com\/wp-json\/wp\/v2\/comments?post=1232"}],"version-history":[{"count":6,"href":"https:\/\/tsukiji-cooking.com\/wp-json\/wp\/v2\/pages\/1232\/revisions"}],"predecessor-version":[{"id":2846,"href":"https:\/\/tsukiji-cooking.com\/wp-json\/wp\/v2\/pages\/1232\/revisions\/2846"}],"wp:attachment":[{"href":"https:\/\/tsukiji-cooking.com\/wp-json\/wp\/v2\/media?parent=1232"}],"wp:term":[{"taxonomy":"pagetype","embeddable":true,"href":"https:\/\/tsukiji-cooking.com\/wp-json\/wp\/v2\/pagetype?post=1232"}],"curies":[{"name":"wp","href":"https:\/\/api.w.org\/{rel}","templated":true}]}}