{"id":1177,"date":"2020-10-26T23:07:57","date_gmt":"2020-10-26T14:07:57","guid":{"rendered":"https:\/\/tsukiji-cooking.com\/?page_id=1177"},"modified":"2025-12-27T15:55:32","modified_gmt":"2025-12-27T06:55:32","slug":"private-cooking-class","status":"publish","type":"page","link":"https:\/\/tsukiji-cooking.com\/es\/private-cooking-class\/","title":{"rendered":"Clase privada de cocina de comida japonesa (clase privada)"},"content":{"rendered":"<hr \/>\r\n<p style=\"text-align: center;\"><strong><span style=\"color: #ff0000; font-size: 24pt;\">Clase privada de cocina de comida japonesa (clase privada)<\/span><\/strong><\/p>\r\n<hr \/>\r\n<p><span style=\"font-size: 14pt;\">Hay varios men\u00fas, como sushi, comida casera tradicional japonesa, platos vegetarianos, sin gluten y dulces japoneses. Ideal para aquellos que quieren tomar cursos intensivos profesionales de cocina y quieren disfrutar de clases de cocina en un espacio privado con amigos, conocidos, familiares y compa\u00f1eros. Puede dar una clase de cocina como regalo o usarlo para celebraciones.<\/span><\/p>\r\n<p><span style=\"font-size: 14pt;\"><a href=\"https:\/\/tsukiji-cooking.com\/recipe-menu\/\">Por favor seleccione el men\u00fa desde aqu\u00ed. Cons\u00faltenos, incluso si el men\u00fa que desea no est\u00e1 incluido.<\/a><\/span><\/p>","protected":false},"excerpt":{"rendered":"<p>Clase privada de cocina de comida japonesa (clase privada) Hay varios men\u00fas, como sushi, comida casera tradicional japonesa, platos vegetarianos, sin gluten y dulces japoneses. Ideal para aquellos que quieren tomar cursos intensivos profesionales de cocina y quieren disfrutar de clases de cocina en un espacio privado con amigos, conocidos, familiares y compa\u00f1eros. Puede dar [&hellip;]<\/p>\n","protected":false},"author":2,"featured_media":0,"parent":0,"menu_order":150,"comment_status":"open","ping_status":"open","template":"","meta":{"_locale":"es_ES","_original_post":"https:\/\/tsukiji-cooking.com\/%e6%9c%aa%e5%88%86%e9%a1%9e\/private-cooking-class-2\/","footnotes":""},"pagetype":[13],"class_list":["post-1177","page","type-page","status-publish","hentry","pagetype-pagetype1","es-ES"],"yoast_head":"<!-- This site is optimized with the Yoast SEO plugin v26.8 - https:\/\/yoast.com\/product\/yoast-seo-wordpress\/ -->\n<title>Clase privada de cocina de comida japonesa (clase privada) - TSUKIJI COOKING : \u7bc9\u5730\u30af\u30c3\u30ad\u30f3\u30b0<\/title>\n<meta name=\"description\" content=\"Tsukiji Cooking ofrece clases de cocina de estilo japon\u00e9s en el Mercado Externo de Tsukiji en Tokio.Hay varios men\u00fas, como sushi, comida casera tradicional japonesa, platos vegetarianos, sin gluten y dulces japoneses.Ideal para aquellos que quieren tomar cursos intensivos profesionales de cocina y quieren disfrutar de clases de cocina en un espacio privado con amigos, conocidos, familiares y compa\u00f1eros.Puede dar una clase de cocina como regalo o usarlo para celebraciones.\" \/>\n<meta name=\"robots\" content=\"index, follow, max-snippet:-1, max-image-preview:large, max-video-preview:-1\" \/>\n<link rel=\"canonical\" href=\"https:\/\/tsukiji-cooking.com\/es\/private-cooking-class\/\" \/>\n<meta property=\"og:locale\" content=\"es_ES\" \/>\n<meta property=\"og:type\" content=\"article\" \/>\n<meta property=\"og:title\" content=\"Clase privada de cocina de comida japonesa (clase privada) - TSUKIJI COOKING : \u7bc9\u5730\u30af\u30c3\u30ad\u30f3\u30b0\" \/>\n<meta property=\"og:description\" content=\"Tsukiji Cooking ofrece clases de cocina de estilo japon\u00e9s en el Mercado Externo de Tsukiji en Tokio.Hay varios men\u00fas, como sushi, comida casera tradicional japonesa, platos vegetarianos, sin gluten y dulces japoneses.Ideal para aquellos que quieren tomar cursos intensivos profesionales de cocina y quieren disfrutar de clases de cocina en un espacio privado con amigos, conocidos, familiares y compa\u00f1eros.Puede dar una clase de cocina como regalo o usarlo para celebraciones.\" \/>\n<meta property=\"og:url\" content=\"https:\/\/tsukiji-cooking.com\/es\/private-cooking-class\/\" \/>\n<meta property=\"og:site_name\" content=\"TSUKIJI COOKING : \u7bc9\u5730\u30af\u30c3\u30ad\u30f3\u30b0\" \/>\n<meta property=\"article:modified_time\" content=\"2025-12-27T06:55:32+00:00\" \/>\n<meta name=\"twitter:card\" content=\"summary_large_image\" \/>\n<meta name=\"twitter:label1\" content=\"Tiempo de lectura\" \/>\n\t<meta name=\"twitter:data1\" content=\"1 minuto\" \/>\n<script type=\"application\/ld+json\" class=\"yoast-schema-graph\">{\"@context\":\"https:\/\/schema.org\",\"@graph\":[{\"@type\":\"WebPage\",\"@id\":\"https:\/\/tsukiji-cooking.com\/es\/private-cooking-class\/\",\"url\":\"https:\/\/tsukiji-cooking.com\/es\/private-cooking-class\/\",\"name\":\"Clase privada de cocina de comida japonesa (clase privada) - TSUKIJI COOKING : \u7bc9\u5730\u30af\u30c3\u30ad\u30f3\u30b0\",\"isPartOf\":{\"@id\":\"https:\/\/tsukiji-cooking.com\/#website\"},\"datePublished\":\"2020-10-26T14:07:57+00:00\",\"dateModified\":\"2025-12-27T06:55:32+00:00\",\"description\":\"Tsukiji Cooking ofrece clases de cocina de estilo japon\u00e9s en el Mercado Externo de Tsukiji en Tokio.Hay varios men\u00fas, como sushi, comida casera tradicional japonesa, platos vegetarianos, sin gluten y dulces japoneses.Ideal para aquellos que quieren tomar cursos intensivos profesionales de cocina y quieren disfrutar de clases de cocina en un espacio privado con amigos, conocidos, familiares y compa\u00f1eros.Puede dar una clase de cocina como regalo o usarlo para celebraciones.\",\"breadcrumb\":{\"@id\":\"https:\/\/tsukiji-cooking.com\/es\/private-cooking-class\/#breadcrumb\"},\"inLanguage\":\"es\",\"potentialAction\":[{\"@type\":\"ReadAction\",\"target\":[\"https:\/\/tsukiji-cooking.com\/es\/private-cooking-class\/\"]}]},{\"@type\":\"BreadcrumbList\",\"@id\":\"https:\/\/tsukiji-cooking.com\/es\/private-cooking-class\/#breadcrumb\",\"itemListElement\":[{\"@type\":\"ListItem\",\"position\":1,\"name\":\"\u30db\u30fc\u30e0\",\"item\":\"https:\/\/tsukiji-cooking.com\/es\/\"},{\"@type\":\"ListItem\",\"position\":2,\"name\":\"Clase privada de cocina de comida japonesa (clase privada)\"}]},{\"@type\":\"WebSite\",\"@id\":\"https:\/\/tsukiji-cooking.com\/#website\",\"url\":\"https:\/\/tsukiji-cooking.com\/\",\"name\":\"TSUKIJI COOKING : \u7bc9\u5730\u30af\u30c3\u30ad\u30f3\u30b0\",\"description\":\"Japanese cooking class in tokyo\",\"potentialAction\":[{\"@type\":\"SearchAction\",\"target\":{\"@type\":\"EntryPoint\",\"urlTemplate\":\"https:\/\/tsukiji-cooking.com\/?s={search_term_string}\"},\"query-input\":{\"@type\":\"PropertyValueSpecification\",\"valueRequired\":true,\"valueName\":\"search_term_string\"}}],\"inLanguage\":\"es\"}]}<\/script>\n<!-- \/ Yoast SEO plugin. -->","yoast_head_json":{"title":"Clase privada de cocina de comida japonesa (clase privada) - TSUKIJI COOKING : \u7bc9\u5730\u30af\u30c3\u30ad\u30f3\u30b0","description":"Tsukiji Cooking ofrece clases de cocina de estilo japon\u00e9s en el Mercado Externo de Tsukiji en Tokio.Hay varios men\u00fas, como sushi, comida casera tradicional japonesa, platos vegetarianos, sin gluten y dulces japoneses.Ideal para aquellos que quieren tomar cursos intensivos profesionales de cocina y quieren disfrutar de clases de cocina en un espacio privado con amigos, conocidos, familiares y compa\u00f1eros.Puede dar una clase de cocina como regalo o usarlo para celebraciones.","robots":{"index":"index","follow":"follow","max-snippet":"max-snippet:-1","max-image-preview":"max-image-preview:large","max-video-preview":"max-video-preview:-1"},"canonical":"https:\/\/tsukiji-cooking.com\/es\/private-cooking-class\/","og_locale":"es_ES","og_type":"article","og_title":"Clase privada de cocina de comida japonesa (clase privada) - TSUKIJI COOKING : \u7bc9\u5730\u30af\u30c3\u30ad\u30f3\u30b0","og_description":"Tsukiji Cooking ofrece clases de cocina de estilo japon\u00e9s en el Mercado Externo de Tsukiji en Tokio.Hay varios men\u00fas, como sushi, comida casera tradicional japonesa, platos vegetarianos, sin gluten y dulces japoneses.Ideal para aquellos que quieren tomar cursos intensivos profesionales de cocina y quieren disfrutar de clases de cocina en un espacio privado con amigos, conocidos, familiares y compa\u00f1eros.Puede dar una clase de cocina como regalo o usarlo para celebraciones.","og_url":"https:\/\/tsukiji-cooking.com\/es\/private-cooking-class\/","og_site_name":"TSUKIJI COOKING : \u7bc9\u5730\u30af\u30c3\u30ad\u30f3\u30b0","article_modified_time":"2025-12-27T06:55:32+00:00","twitter_card":"summary_large_image","twitter_misc":{"Tiempo de lectura":"1 minuto"},"schema":{"@context":"https:\/\/schema.org","@graph":[{"@type":"WebPage","@id":"https:\/\/tsukiji-cooking.com\/es\/private-cooking-class\/","url":"https:\/\/tsukiji-cooking.com\/es\/private-cooking-class\/","name":"Clase privada de cocina de comida japonesa (clase privada) - TSUKIJI COOKING : \u7bc9\u5730\u30af\u30c3\u30ad\u30f3\u30b0","isPartOf":{"@id":"https:\/\/tsukiji-cooking.com\/#website"},"datePublished":"2020-10-26T14:07:57+00:00","dateModified":"2025-12-27T06:55:32+00:00","description":"Tsukiji Cooking ofrece clases de cocina de estilo japon\u00e9s en el Mercado Externo de Tsukiji en Tokio.Hay varios men\u00fas, como sushi, comida casera tradicional japonesa, platos vegetarianos, sin gluten y dulces japoneses.Ideal para aquellos que quieren tomar cursos intensivos profesionales de cocina y quieren disfrutar de clases de cocina en un espacio privado con amigos, conocidos, familiares y compa\u00f1eros.Puede dar una clase de cocina como regalo o usarlo para celebraciones.","breadcrumb":{"@id":"https:\/\/tsukiji-cooking.com\/es\/private-cooking-class\/#breadcrumb"},"inLanguage":"es","potentialAction":[{"@type":"ReadAction","target":["https:\/\/tsukiji-cooking.com\/es\/private-cooking-class\/"]}]},{"@type":"BreadcrumbList","@id":"https:\/\/tsukiji-cooking.com\/es\/private-cooking-class\/#breadcrumb","itemListElement":[{"@type":"ListItem","position":1,"name":"\u30db\u30fc\u30e0","item":"https:\/\/tsukiji-cooking.com\/es\/"},{"@type":"ListItem","position":2,"name":"Clase privada de cocina de comida japonesa (clase privada)"}]},{"@type":"WebSite","@id":"https:\/\/tsukiji-cooking.com\/#website","url":"https:\/\/tsukiji-cooking.com\/","name":"TSUKIJI COOKING : \u7bc9\u5730\u30af\u30c3\u30ad\u30f3\u30b0","description":"Japanese cooking class in tokyo","potentialAction":[{"@type":"SearchAction","target":{"@type":"EntryPoint","urlTemplate":"https:\/\/tsukiji-cooking.com\/?s={search_term_string}"},"query-input":{"@type":"PropertyValueSpecification","valueRequired":true,"valueName":"search_term_string"}}],"inLanguage":"es"}]}},"_links":{"self":[{"href":"https:\/\/tsukiji-cooking.com\/wp-json\/wp\/v2\/pages\/1177","targetHints":{"allow":["GET"]}}],"collection":[{"href":"https:\/\/tsukiji-cooking.com\/wp-json\/wp\/v2\/pages"}],"about":[{"href":"https:\/\/tsukiji-cooking.com\/wp-json\/wp\/v2\/types\/page"}],"author":[{"embeddable":true,"href":"https:\/\/tsukiji-cooking.com\/wp-json\/wp\/v2\/users\/2"}],"replies":[{"embeddable":true,"href":"https:\/\/tsukiji-cooking.com\/wp-json\/wp\/v2\/comments?post=1177"}],"version-history":[{"count":7,"href":"https:\/\/tsukiji-cooking.com\/wp-json\/wp\/v2\/pages\/1177\/revisions"}],"predecessor-version":[{"id":4422,"href":"https:\/\/tsukiji-cooking.com\/wp-json\/wp\/v2\/pages\/1177\/revisions\/4422"}],"wp:attachment":[{"href":"https:\/\/tsukiji-cooking.com\/wp-json\/wp\/v2\/media?parent=1177"}],"wp:term":[{"taxonomy":"pagetype","embeddable":true,"href":"https:\/\/tsukiji-cooking.com\/wp-json\/wp\/v2\/pagetype?post=1177"}],"curies":[{"name":"wp","href":"https:\/\/api.w.org\/{rel}","templated":true}]}}